{"id":14664,"date":"2023-11-03T23:23:19","date_gmt":"2023-11-03T22:23:19","guid":{"rendered":"http:\/\/innocentiemangonipiante.it\/agapanthus-umbellatus-albus\/"},"modified":"2023-11-06T17:16:25","modified_gmt":"2023-11-06T16:16:25","slug":"agapanthus-umbellatus-albus","status":"publish","type":"product","link":"https:\/\/innocentiemangonipiante.it\/de\/agapanthus-umbellatus-albus\/","title":{"rendered":"AGAPANTHUS umbellatus &#8218;Albus&#8216;"},"content":{"rendered":"<p>Immergr\u00fcner Strauch. Dichter Wuchs mit mehreren langen Bl\u00e4ttern mittelgr\u00fcn gef\u00e4rbt. Von July bis September produziert es weisse rundliche Bl\u00fcten.<\/p>\n","protected":false},"excerpt":{"rendered":"<p>Immergr\u00fcner Strauch. Dichter Wuchs mit mehreren langen Bl\u00e4ttern mittelgr\u00fcn gef\u00e4rbt. Von July bis September produziert es weisse rundliche Bl\u00fcten.<\/p>\n","protected":false},"featured_media":578,"template":"","meta":{"_acf_changed":false},"product_brand":[],"product_cat":[8829,9231],"product_tag":[10898],"class_list":{"0":"post-14664","1":"product","2":"type-product","3":"status-publish","4":"has-post-thumbnail","6":"product_cat-mehrjahrige-krauter","7":"product_cat-baume-und-pflanzen-der-zukunft","8":"product_tag-naturlichen","9":"pa_altezza-massima-0_50-meter","10":"pa_altezza-massima-100-de","11":"pa_colore-fioritura-weis","12":"pa_condizionamento-clt-de","13":"pa_condizionamento-jungplanzen","14":"pa_famiglia-liliaceae-de","15":"pa_genere-agapanthus-de","16":"pa_origine-sudafrika","17":"pa_periodo-fioritura-august-de","18":"pa_periodo-fioritura-juli","19":"pa_periodo-fioritura-september-de","20":"pa_portamento-eretto-de","21":"pa_resistenza-climatica-pflanzen-mit-geringem-klimawiderstand","22":"pa_resistenza-del-suolo-bestandigkeit-auf-feuchten-boden","23":"pa_utilizzo-balkone","24":"pa_utilizzo-bordueren","25":"pa_utilizzo-kleine-gaerten","26":"pa_utilizzo-parks-de","28":"first","29":"instock","30":"purchasable","31":"product-type-simple"},"acf":[],"_links":{"self":[{"href":"https:\/\/innocentiemangonipiante.it\/de\/wp-json\/wp\/v2\/product\/14664","targetHints":{"allow":["GET"]}}],"collection":[{"href":"https:\/\/innocentiemangonipiante.it\/de\/wp-json\/wp\/v2\/product"}],"about":[{"href":"https:\/\/innocentiemangonipiante.it\/de\/wp-json\/wp\/v2\/types\/product"}],"wp:featuredmedia":[{"embeddable":true,"href":"https:\/\/innocentiemangonipiante.it\/de\/wp-json\/wp\/v2\/media\/578"}],"wp:attachment":[{"href":"https:\/\/innocentiemangonipiante.it\/de\/wp-json\/wp\/v2\/media?parent=14664"}],"wp:term":[{"taxonomy":"product_brand","embeddable":true,"href":"https:\/\/innocentiemangonipiante.it\/de\/wp-json\/wp\/v2\/product_brand?post=14664"},{"taxonomy":"product_cat","embeddable":true,"href":"https:\/\/innocentiemangonipiante.it\/de\/wp-json\/wp\/v2\/product_cat?post=14664"},{"taxonomy":"product_tag","embeddable":true,"href":"https:\/\/innocentiemangonipiante.it\/de\/wp-json\/wp\/v2\/product_tag?post=14664"}],"curies":[{"name":"wp","href":"https:\/\/api.w.org\/{rel}","templated":true}]}}