{"id":14666,"date":"2023-11-03T23:23:01","date_gmt":"2023-11-03T22:23:01","guid":{"rendered":"http:\/\/innocentiemangonipiante.it\/agapanthus-praecox-gold-strike\/"},"modified":"2023-11-06T17:16:12","modified_gmt":"2023-11-06T16:16:12","slug":"agapanthus-praecox-gold-strike","status":"publish","type":"product","link":"https:\/\/innocentiemangonipiante.it\/de\/agapanthus-praecox-gold-strike\/","title":{"rendered":"AGAPANTHUS praecox &#8218;Gold Strike&#8216; \u00ae"},"content":{"rendered":"<p>Sehr sch\u00f6ne Goldgelb panachierte Bl\u00e4tter. Auffallende blau-weisse Bl\u00fcte.<\/p>\n","protected":false},"excerpt":{"rendered":"<p>Sehr sch\u00f6ne Goldgelb panachierte Bl\u00e4tter. Auffallende blau-weisse Bl\u00fcte.<\/p>\n","protected":false},"featured_media":566,"template":"","meta":{"_acf_changed":false},"product_brand":[],"product_cat":[8829,9231],"product_tag":[10898],"class_list":{"0":"post-14666","1":"product","2":"type-product","3":"status-publish","4":"has-post-thumbnail","6":"product_cat-mehrjahrige-krauter","7":"product_cat-baume-und-pflanzen-der-zukunft","8":"product_tag-naturlichen","9":"pa_altezza-massima-0_50-meter","10":"pa_altezza-massima-100-de","11":"pa_colore-fioritura-blau","12":"pa_condizionamento-clt-de","13":"pa_famiglia-liliaceae-de","14":"pa_genere-agapanthus-de","15":"pa_origine-neuseeland-de","16":"pa_periodo-fioritura-august-de","17":"pa_periodo-fioritura-juli","18":"pa_portamento-eretto-de","19":"pa_resistenza-climatica-mittel-hoch","20":"pa_resistenza-del-suolo-bestandigkeit-auf-feuchten-boden","21":"pa_utilizzo-balkone","22":"pa_utilizzo-bordueren","23":"pa_utilizzo-kleine-gaerten","24":"pa_utilizzo-parks-de","26":"first","27":"instock","28":"purchasable","29":"product-type-simple"},"acf":[],"_links":{"self":[{"href":"https:\/\/innocentiemangonipiante.it\/de\/wp-json\/wp\/v2\/product\/14666","targetHints":{"allow":["GET"]}}],"collection":[{"href":"https:\/\/innocentiemangonipiante.it\/de\/wp-json\/wp\/v2\/product"}],"about":[{"href":"https:\/\/innocentiemangonipiante.it\/de\/wp-json\/wp\/v2\/types\/product"}],"wp:featuredmedia":[{"embeddable":true,"href":"https:\/\/innocentiemangonipiante.it\/de\/wp-json\/wp\/v2\/media\/566"}],"wp:attachment":[{"href":"https:\/\/innocentiemangonipiante.it\/de\/wp-json\/wp\/v2\/media?parent=14666"}],"wp:term":[{"taxonomy":"product_brand","embeddable":true,"href":"https:\/\/innocentiemangonipiante.it\/de\/wp-json\/wp\/v2\/product_brand?post=14666"},{"taxonomy":"product_cat","embeddable":true,"href":"https:\/\/innocentiemangonipiante.it\/de\/wp-json\/wp\/v2\/product_cat?post=14666"},{"taxonomy":"product_tag","embeddable":true,"href":"https:\/\/innocentiemangonipiante.it\/de\/wp-json\/wp\/v2\/product_tag?post=14666"}],"curies":[{"name":"wp","href":"https:\/\/api.w.org\/{rel}","templated":true}]}}