{"id":14671,"date":"2023-11-03T23:24:12","date_gmt":"2023-11-03T22:24:12","guid":{"rendered":"http:\/\/innocentiemangonipiante.it\/agave-funkiana-blue-haze\/"},"modified":"2023-11-06T17:17:08","modified_gmt":"2023-11-06T16:17:08","slug":"agave-funkiana-blue-haze","status":"publish","type":"product","link":"https:\/\/innocentiemangonipiante.it\/de\/agave-funkiana-blue-haze\/","title":{"rendered":"AGAVE funkiana &#8218;Blue Haze&#8216;"},"content":{"rendered":"<p>Gr\u00fcne Bl\u00e4tter mit einem zentralen Band in Cremewei\u00df Farbe.<\/p>\n","protected":false},"excerpt":{"rendered":"<p>Gr\u00fcne Bl\u00e4tter mit einem zentralen Band in Cremewei\u00df Farbe.<\/p>\n","protected":false},"featured_media":0,"template":"","meta":{"_acf_changed":false},"product_brand":[],"product_cat":[8832,9231],"product_tag":[10898],"class_list":{"0":"post-14671","1":"product","2":"type-product","3":"status-publish","5":"product_cat-palmartig-und-saftig","6":"product_cat-baume-und-pflanzen-der-zukunft","7":"product_tag-naturlichen","8":"pa_altezza-massima-150-de","9":"pa_altezza-massima-200-de","10":"pa_colore-delle-foglie-vielfaeltigen","11":"pa_famiglia-agavaceae-de","12":"pa_genere-agave-de","13":"pa_origine-mexiko","14":"pa_portamento-eretto-de","15":"pa_resistenza-climatica-sehr-niedrig","16":"pa_resistenza-del-suolo-bestandig-gegen-trockene-boden","17":"pa_salinita-bestaendigkeit-in-meeresluft","18":"pa_utilizzo-kleine-gaerten","19":"pa_utilizzo-parks-de","21":"first","22":"instock","23":"purchasable","24":"product-type-simple"},"acf":[],"_links":{"self":[{"href":"https:\/\/innocentiemangonipiante.it\/de\/wp-json\/wp\/v2\/product\/14671","targetHints":{"allow":["GET"]}}],"collection":[{"href":"https:\/\/innocentiemangonipiante.it\/de\/wp-json\/wp\/v2\/product"}],"about":[{"href":"https:\/\/innocentiemangonipiante.it\/de\/wp-json\/wp\/v2\/types\/product"}],"wp:attachment":[{"href":"https:\/\/innocentiemangonipiante.it\/de\/wp-json\/wp\/v2\/media?parent=14671"}],"wp:term":[{"taxonomy":"product_brand","embeddable":true,"href":"https:\/\/innocentiemangonipiante.it\/de\/wp-json\/wp\/v2\/product_brand?post=14671"},{"taxonomy":"product_cat","embeddable":true,"href":"https:\/\/innocentiemangonipiante.it\/de\/wp-json\/wp\/v2\/product_cat?post=14671"},{"taxonomy":"product_tag","embeddable":true,"href":"https:\/\/innocentiemangonipiante.it\/de\/wp-json\/wp\/v2\/product_tag?post=14671"}],"curies":[{"name":"wp","href":"https:\/\/api.w.org\/{rel}","templated":true}]}}