{"id":14675,"date":"2023-11-03T23:23:37","date_gmt":"2023-11-03T22:23:37","guid":{"rendered":"http:\/\/innocentiemangonipiante.it\/agave-americana-mediopicta\/"},"modified":"2023-11-06T17:16:35","modified_gmt":"2023-11-06T16:16:35","slug":"agave-americana-mediopicta","status":"publish","type":"product","link":"https:\/\/innocentiemangonipiante.it\/de\/agave-americana-mediopicta\/","title":{"rendered":"AGAVE americana &#8218;Mediopicta&#8216;"},"content":{"rendered":"<p>Gr\u00fcne Bl\u00e4tter mit einem zentralen Band in Cremewei\u00df Farbe.<\/p>\n","protected":false},"excerpt":{"rendered":"<p>Gr\u00fcne Bl\u00e4tter mit einem zentralen Band in Cremewei\u00df Farbe.<\/p>\n","protected":false},"featured_media":596,"template":"","meta":{"_acf_changed":false},"product_brand":[],"product_cat":[8832,9231],"product_tag":[10898],"class_list":{"0":"post-14675","1":"product","2":"type-product","3":"status-publish","4":"has-post-thumbnail","6":"product_cat-palmartig-und-saftig","7":"product_cat-baume-und-pflanzen-der-zukunft","8":"product_tag-naturlichen","9":"pa_altezza-massima-150-de","10":"pa_altezza-massima-200-de","11":"pa_colore-delle-foglie-vielfaeltigen","12":"pa_colore-fioritura-weis","13":"pa_famiglia-agavaceae-de","14":"pa_genere-agave-de","15":"pa_origine-mexiko","16":"pa_periodo-fioritura-april-de","17":"pa_periodo-fioritura-juli","18":"pa_periodo-fioritura-juni","19":"pa_periodo-fioritura-mai-de","20":"pa_portamento-eretto-de","21":"pa_resistenza-climatica-sehr-niedrig","22":"pa_salinita-bestaendigkeit-in-meeresluft","23":"pa_utilizzo-balkone","24":"pa_utilizzo-kleine-gaerten","26":"first","27":"instock","28":"purchasable","29":"product-type-simple"},"acf":[],"_links":{"self":[{"href":"https:\/\/innocentiemangonipiante.it\/de\/wp-json\/wp\/v2\/product\/14675","targetHints":{"allow":["GET"]}}],"collection":[{"href":"https:\/\/innocentiemangonipiante.it\/de\/wp-json\/wp\/v2\/product"}],"about":[{"href":"https:\/\/innocentiemangonipiante.it\/de\/wp-json\/wp\/v2\/types\/product"}],"wp:featuredmedia":[{"embeddable":true,"href":"https:\/\/innocentiemangonipiante.it\/de\/wp-json\/wp\/v2\/media\/596"}],"wp:attachment":[{"href":"https:\/\/innocentiemangonipiante.it\/de\/wp-json\/wp\/v2\/media?parent=14675"}],"wp:term":[{"taxonomy":"product_brand","embeddable":true,"href":"https:\/\/innocentiemangonipiante.it\/de\/wp-json\/wp\/v2\/product_brand?post=14675"},{"taxonomy":"product_cat","embeddable":true,"href":"https:\/\/innocentiemangonipiante.it\/de\/wp-json\/wp\/v2\/product_cat?post=14675"},{"taxonomy":"product_tag","embeddable":true,"href":"https:\/\/innocentiemangonipiante.it\/de\/wp-json\/wp\/v2\/product_tag?post=14675"}],"curies":[{"name":"wp","href":"https:\/\/api.w.org\/{rel}","templated":true}]}}