{"id":14679,"date":"2023-11-03T23:23:31","date_gmt":"2023-11-03T22:23:31","guid":{"rendered":"http:\/\/innocentiemangonipiante.it\/agave-americana\/"},"modified":"2023-11-06T17:16:32","modified_gmt":"2023-11-06T16:16:32","slug":"agave-americana","status":"publish","type":"product","link":"https:\/\/innocentiemangonipiante.it\/de\/agave-americana\/","title":{"rendered":"AGAVE americana"},"content":{"rendered":"<p>Sukkulente Bl\u00e4tter in Rosettenform, steif und fleischig mit gespitzten D\u00f6rnern an den Enden und gez\u00e4hnten R\u00e4ndern. Grau-gr\u00fcne Bl\u00e4tter bis 2 Mt lang. In Sommer gr\u00fcn-gelbe Bl\u00fcten in B\u00fcndel 9-10 cm in Rispen bis 8mt.<\/p>\n","protected":false},"excerpt":{"rendered":"<p>Sukkulente Bl\u00e4tter in Rosettenform, steif und fleischig mit gespitzten D\u00f6rnern an den Enden und gez\u00e4hnten R\u00e4ndern. Grau-gr\u00fcne Bl\u00e4tter bis 2 Mt lang. In Sommer gr\u00fcn-gelbe Bl\u00fcten in B\u00fcndel 9-10 cm in Rispen bis 8mt.<\/p>\n","protected":false},"featured_media":590,"template":"","meta":{"_acf_changed":false},"product_brand":[],"product_cat":[8832,9231],"product_tag":[10898],"class_list":{"0":"post-14679","1":"product","2":"type-product","3":"status-publish","4":"has-post-thumbnail","6":"product_cat-palmartig-und-saftig","7":"product_cat-baume-und-pflanzen-der-zukunft","8":"product_tag-naturlichen","9":"pa_altezza-massima-150-de","10":"pa_altezza-massima-200-de","11":"pa_colore-delle-foglie-grauen","12":"pa_colore-fioritura-gelbe","13":"pa_condizionamento-clt-de","14":"pa_condizionamento-schale","15":"pa_famiglia-agavaceae-de","16":"pa_genere-agave-de","17":"pa_origine-mexiko","18":"pa_periodo-fioritura-august-de","19":"pa_periodo-fioritura-juli","20":"pa_portamento-eretto-de","21":"pa_resistenza-climatica-sehr-niedrig","22":"pa_resistenza-del-suolo-bestandig-gegen-trockene-boden","23":"pa_salinita-bestaendigkeit-in-meeresluft","24":"pa_utilizzo-kleine-gaerten","25":"pa_utilizzo-parks-de","27":"first","28":"instock","29":"purchasable","30":"product-type-simple"},"acf":[],"_links":{"self":[{"href":"https:\/\/innocentiemangonipiante.it\/de\/wp-json\/wp\/v2\/product\/14679","targetHints":{"allow":["GET"]}}],"collection":[{"href":"https:\/\/innocentiemangonipiante.it\/de\/wp-json\/wp\/v2\/product"}],"about":[{"href":"https:\/\/innocentiemangonipiante.it\/de\/wp-json\/wp\/v2\/types\/product"}],"wp:featuredmedia":[{"embeddable":true,"href":"https:\/\/innocentiemangonipiante.it\/de\/wp-json\/wp\/v2\/media\/590"}],"wp:attachment":[{"href":"https:\/\/innocentiemangonipiante.it\/de\/wp-json\/wp\/v2\/media?parent=14679"}],"wp:term":[{"taxonomy":"product_brand","embeddable":true,"href":"https:\/\/innocentiemangonipiante.it\/de\/wp-json\/wp\/v2\/product_brand?post=14679"},{"taxonomy":"product_cat","embeddable":true,"href":"https:\/\/innocentiemangonipiante.it\/de\/wp-json\/wp\/v2\/product_cat?post=14679"},{"taxonomy":"product_tag","embeddable":true,"href":"https:\/\/innocentiemangonipiante.it\/de\/wp-json\/wp\/v2\/product_tag?post=14679"}],"curies":[{"name":"wp","href":"https:\/\/api.w.org\/{rel}","templated":true}]}}