{"id":14680,"date":"2023-11-03T23:25:13","date_gmt":"2023-11-03T22:25:13","guid":{"rendered":"http:\/\/innocentiemangonipiante.it\/ailanthus-glandulosa\/"},"modified":"2023-11-06T17:18:19","modified_gmt":"2023-11-06T16:18:19","slug":"ailanthus-glandulosa","status":"publish","type":"product","link":"https:\/\/innocentiemangonipiante.it\/de\/ailanthus-glandulosa\/","title":{"rendered":"AILANTHUS glandulosa"},"content":{"rendered":"<p>Sommergr\u00fcner Baum mit ausladendem Wuchs. Die gr\u00fcnen Bl\u00e4tter sind gro\u00df, l\u00e4nglich und elliptisch. Im Sommer Bl\u00fcten mit langen Rispen, die in kleinen gelb-gr\u00fcnlichen Blumen enden, sp\u00e4ter rot-braune Fr\u00fcchte. Standort: sonnig. W\u00e4chst au\u00dferordentlich auf schlechten, trockenen und armen B\u00f6den und vertr\u00e4gt Trockenheit sehr gut.<\/p>\n","protected":false},"excerpt":{"rendered":"<p>Sommergr\u00fcner Baum mit ausladendem Wuchs. Die gr\u00fcnen Bl\u00e4tter sind gro\u00df, l\u00e4nglich und elliptisch. Im Sommer Bl\u00fcten mit langen Rispen, die in kleinen gelb-gr\u00fcnlichen Blumen enden, sp\u00e4ter rot-braune Fr\u00fcchte. Standort: sonnig. W\u00e4chst au\u00dferordentlich auf schlechten, trockenen und armen B\u00f6den und vertr\u00e4gt Trockenheit sehr gut.<\/p>\n","protected":false},"featured_media":637,"template":"","meta":{"_acf_changed":false},"product_brand":[],"product_cat":[8813],"product_tag":[10898,8401],"class_list":{"0":"post-14680","1":"product","2":"type-product","3":"status-publish","4":"has-post-thumbnail","6":"product_cat-laubbaume-und-straucher","7":"product_tag-naturlichen","8":"product_tag-hochstamm","9":"pa_altezza-massima-20-meter","10":"pa_altezza-massima-25-meter","11":"pa_colore-fioritura-gelbe","12":"pa_condizionamento-m-de","13":"pa_famiglia-simaraoubaceae-de","14":"pa_genere-ailanthus-de","15":"pa_inquinamento-bestaendigkeit-gegen-smog","16":"pa_origine-ostasien","17":"pa_periodo-fioritura-august-de","18":"pa_periodo-fioritura-juli","19":"pa_periodo-fioritura-juni","20":"pa_portamento-arrotondato-de","21":"pa_resistenza-climatica-sehr-hoch","22":"pa_resistenza-del-suolo-bestandig-gegen-kalkhaltige-boden","23":"pa_resistenza-del-suolo-bestandig-gegen-trockene-boden","24":"pa_resistenza-del-suolo-resistent-gegen-arme-boeden","25":"pa_salinita-bestaendigkeit-in-meeresluft","26":"pa_utilizzo-alleen","27":"pa_utilizzo-parks-de","29":"first","30":"instock","31":"purchasable","32":"product-type-simple"},"acf":[],"_links":{"self":[{"href":"https:\/\/innocentiemangonipiante.it\/de\/wp-json\/wp\/v2\/product\/14680","targetHints":{"allow":["GET"]}}],"collection":[{"href":"https:\/\/innocentiemangonipiante.it\/de\/wp-json\/wp\/v2\/product"}],"about":[{"href":"https:\/\/innocentiemangonipiante.it\/de\/wp-json\/wp\/v2\/types\/product"}],"wp:featuredmedia":[{"embeddable":true,"href":"https:\/\/innocentiemangonipiante.it\/de\/wp-json\/wp\/v2\/media\/637"}],"wp:attachment":[{"href":"https:\/\/innocentiemangonipiante.it\/de\/wp-json\/wp\/v2\/media?parent=14680"}],"wp:term":[{"taxonomy":"product_brand","embeddable":true,"href":"https:\/\/innocentiemangonipiante.it\/de\/wp-json\/wp\/v2\/product_brand?post=14680"},{"taxonomy":"product_cat","embeddable":true,"href":"https:\/\/innocentiemangonipiante.it\/de\/wp-json\/wp\/v2\/product_cat?post=14680"},{"taxonomy":"product_tag","embeddable":true,"href":"https:\/\/innocentiemangonipiante.it\/de\/wp-json\/wp\/v2\/product_tag?post=14680"}],"curies":[{"name":"wp","href":"https:\/\/api.w.org\/{rel}","templated":true}]}}