{"id":14681,"date":"2023-11-03T23:25:37","date_gmt":"2023-11-03T22:25:37","guid":{"rendered":"http:\/\/innocentiemangonipiante.it\/akebia-quinata-cream-form\/"},"modified":"2023-11-06T17:18:34","modified_gmt":"2023-11-06T16:18:34","slug":"akebia-quinata-cream-form","status":"publish","type":"product","link":"https:\/\/innocentiemangonipiante.it\/de\/akebia-quinata-cream-form\/","title":{"rendered":"AKEBIA quinata &#8218;Cream Form&#8216;"},"content":{"rendered":"<p>Halbimmergr\u00fcne Kletterpflanzen, produziert duftende cremeweisse Bl\u00fcten mit Lilafarbigen Staubbl\u00e4ttern.<\/p>\n","protected":false},"excerpt":{"rendered":"<p>Halbimmergr\u00fcne Kletterpflanzen, produziert duftende cremeweisse Bl\u00fcten mit Lilafarbigen Staubbl\u00e4ttern.<\/p>\n","protected":false},"featured_media":649,"template":"","meta":{"_acf_changed":false},"product_brand":[],"product_cat":[8837],"product_tag":[10898],"class_list":{"0":"post-14681","1":"product","2":"type-product","3":"status-publish","4":"has-post-thumbnail","6":"product_cat-schlingpflanzen","7":"product_tag-naturlichen","8":"pa_altezza-massima-400-de","9":"pa_altezza-massima-600-de","10":"pa_colore-fioritura-weis","11":"pa_condizionamento-clt-de","12":"pa_famiglia-lardizabalaceae-de","13":"pa_genere-akebia-de","14":"pa_origine-ostasien","15":"pa_periodo-fioritura-april-de","16":"pa_periodo-fioritura-maerz","17":"pa_portamento-schlingpflanze","18":"pa_profumo-zart","19":"pa_resistenza-climatica-mittel-hoch","20":"pa_utilizzo-kleine-gaerten","21":"pa_utilizzo-parks-de","23":"first","24":"instock","25":"purchasable","26":"product-type-simple"},"acf":[],"_links":{"self":[{"href":"https:\/\/innocentiemangonipiante.it\/de\/wp-json\/wp\/v2\/product\/14681","targetHints":{"allow":["GET"]}}],"collection":[{"href":"https:\/\/innocentiemangonipiante.it\/de\/wp-json\/wp\/v2\/product"}],"about":[{"href":"https:\/\/innocentiemangonipiante.it\/de\/wp-json\/wp\/v2\/types\/product"}],"wp:featuredmedia":[{"embeddable":true,"href":"https:\/\/innocentiemangonipiante.it\/de\/wp-json\/wp\/v2\/media\/649"}],"wp:attachment":[{"href":"https:\/\/innocentiemangonipiante.it\/de\/wp-json\/wp\/v2\/media?parent=14681"}],"wp:term":[{"taxonomy":"product_brand","embeddable":true,"href":"https:\/\/innocentiemangonipiante.it\/de\/wp-json\/wp\/v2\/product_brand?post=14681"},{"taxonomy":"product_cat","embeddable":true,"href":"https:\/\/innocentiemangonipiante.it\/de\/wp-json\/wp\/v2\/product_cat?post=14681"},{"taxonomy":"product_tag","embeddable":true,"href":"https:\/\/innocentiemangonipiante.it\/de\/wp-json\/wp\/v2\/product_tag?post=14681"}],"curies":[{"name":"wp","href":"https:\/\/api.w.org\/{rel}","templated":true}]}}