{"id":14682,"date":"2023-11-03T23:25:31","date_gmt":"2023-11-03T22:25:31","guid":{"rendered":"http:\/\/innocentiemangonipiante.it\/akebia-quinata\/"},"modified":"2023-11-06T17:18:29","modified_gmt":"2023-11-06T16:18:29","slug":"akebia-quinata","status":"publish","type":"product","link":"https:\/\/innocentiemangonipiante.it\/de\/akebia-quinata\/","title":{"rendered":"AKEBIA quinata"},"content":{"rendered":"<p>Halbimmergr\u00fcne Kletterpflanze mit dunkelgr\u00fcnen rundlichen Bl\u00e4ttern, die sich Purpurrot im Herbst f\u00e4rben. Lila-braun-farbige nach Gew\u00fcrz parfumierte Bl\u00fcte am Fr\u00fchlingsanfang.<\/p>\n","protected":false},"excerpt":{"rendered":"<p>Halbimmergr\u00fcne Kletterpflanze mit dunkelgr\u00fcnen rundlichen Bl\u00e4ttern, die sich Purpurrot im Herbst f\u00e4rben. Lila-braun-farbige nach Gew\u00fcrz parfumierte Bl\u00fcte am Fr\u00fchlingsanfang.<\/p>\n","protected":false},"featured_media":643,"template":"","meta":{"_acf_changed":false},"product_brand":[],"product_cat":[8837],"product_tag":[10898],"class_list":{"0":"post-14682","1":"product","2":"type-product","3":"status-publish","4":"has-post-thumbnail","6":"product_cat-schlingpflanzen","7":"product_tag-naturlichen","8":"pa_altezza-massima-500-de","9":"pa_altezza-massima-1000-de-2","10":"pa_colore-fioritura-violett","11":"pa_condizionamento-clt-de","12":"pa_famiglia-lardizabalaceae-de","13":"pa_genere-akebia-de","14":"pa_origine-ostasien","15":"pa_periodo-fioritura-april-de","16":"pa_periodo-fioritura-maerz","17":"pa_portamento-schlingpflanze","18":"pa_profumo-zart","19":"pa_resistenza-climatica-mittel-hoch","20":"pa_utilizzo-kleine-gaerten","21":"pa_utilizzo-parks-de","23":"first","24":"instock","25":"purchasable","26":"product-type-simple"},"acf":[],"_links":{"self":[{"href":"https:\/\/innocentiemangonipiante.it\/de\/wp-json\/wp\/v2\/product\/14682","targetHints":{"allow":["GET"]}}],"collection":[{"href":"https:\/\/innocentiemangonipiante.it\/de\/wp-json\/wp\/v2\/product"}],"about":[{"href":"https:\/\/innocentiemangonipiante.it\/de\/wp-json\/wp\/v2\/types\/product"}],"wp:featuredmedia":[{"embeddable":true,"href":"https:\/\/innocentiemangonipiante.it\/de\/wp-json\/wp\/v2\/media\/643"}],"wp:attachment":[{"href":"https:\/\/innocentiemangonipiante.it\/de\/wp-json\/wp\/v2\/media?parent=14682"}],"wp:term":[{"taxonomy":"product_brand","embeddable":true,"href":"https:\/\/innocentiemangonipiante.it\/de\/wp-json\/wp\/v2\/product_brand?post=14682"},{"taxonomy":"product_cat","embeddable":true,"href":"https:\/\/innocentiemangonipiante.it\/de\/wp-json\/wp\/v2\/product_cat?post=14682"},{"taxonomy":"product_tag","embeddable":true,"href":"https:\/\/innocentiemangonipiante.it\/de\/wp-json\/wp\/v2\/product_tag?post=14682"}],"curies":[{"name":"wp","href":"https:\/\/api.w.org\/{rel}","templated":true}]}}