{"id":14683,"date":"2023-11-03T23:26:05","date_gmt":"2023-11-03T22:26:05","guid":{"rendered":"http:\/\/innocentiemangonipiante.it\/albizia-julibrissin-ombrella\/"},"modified":"2023-11-06T17:18:58","modified_gmt":"2023-11-06T16:18:58","slug":"albizia-julibrissin-ombrella","status":"publish","type":"product","link":"https:\/\/innocentiemangonipiante.it\/de\/albizia-julibrissin-ombrella\/","title":{"rendered":"ALBIZIA julibrissin &#8218;Ombrella&#8216; \u00ae"},"content":{"rendered":"<p>W\u00e4chst langsamer wie A. julibrissin. Dunkelgr\u00fcnes Laub und intensivrote Bl\u00fcte von Juli bis September.<\/p>\n","protected":false},"excerpt":{"rendered":"<p>W\u00e4chst langsamer wie A. julibrissin. Dunkelgr\u00fcnes Laub und intensivrote Bl\u00fcte von Juli bis September.<\/p>\n","protected":false},"featured_media":661,"template":"","meta":{"_acf_changed":false},"product_brand":[],"product_cat":[8813],"product_tag":[10898,8736,8565,8401,8597],"class_list":{"0":"post-14683","1":"product","2":"type-product","3":"status-publish","4":"has-post-thumbnail","6":"product_cat-laubbaume-und-straucher","7":"product_tag-naturlichen","8":"product_tag-fusstamm","9":"product_tag-halbstamm","10":"product_tag-hochstamm","11":"product_tag-multistamm","12":"pa_altezza-massima-500-de","13":"pa_altezza-massima-800-de","14":"pa_colore-fioritura-rot","15":"pa_condizionamento-clt-de","16":"pa_condizionamento-jungplanzen","17":"pa_condizionamento-m-de","18":"pa_condizionamento-viereckigertops","19":"pa_famiglia-leguminosae-de","20":"pa_genere-albizia-de","21":"pa_origine-frankreich","22":"pa_periodo-fioritura-august-de","23":"pa_periodo-fioritura-juli","24":"pa_periodo-fioritura-september-de","25":"pa_portamento-eretto-de","26":"pa_resistenza-climatica-sehr-hoch","27":"pa_resistenza-del-suolo-bestandig-gegen-kalkhaltige-boden","28":"pa_resistenza-del-suolo-bestandig-gegen-trockene-boden","29":"pa_utilizzo-parks-de","31":"first","32":"instock","33":"purchasable","34":"product-type-simple"},"acf":[],"_links":{"self":[{"href":"https:\/\/innocentiemangonipiante.it\/de\/wp-json\/wp\/v2\/product\/14683","targetHints":{"allow":["GET"]}}],"collection":[{"href":"https:\/\/innocentiemangonipiante.it\/de\/wp-json\/wp\/v2\/product"}],"about":[{"href":"https:\/\/innocentiemangonipiante.it\/de\/wp-json\/wp\/v2\/types\/product"}],"wp:featuredmedia":[{"embeddable":true,"href":"https:\/\/innocentiemangonipiante.it\/de\/wp-json\/wp\/v2\/media\/661"}],"wp:attachment":[{"href":"https:\/\/innocentiemangonipiante.it\/de\/wp-json\/wp\/v2\/media?parent=14683"}],"wp:term":[{"taxonomy":"product_brand","embeddable":true,"href":"https:\/\/innocentiemangonipiante.it\/de\/wp-json\/wp\/v2\/product_brand?post=14683"},{"taxonomy":"product_cat","embeddable":true,"href":"https:\/\/innocentiemangonipiante.it\/de\/wp-json\/wp\/v2\/product_cat?post=14683"},{"taxonomy":"product_tag","embeddable":true,"href":"https:\/\/innocentiemangonipiante.it\/de\/wp-json\/wp\/v2\/product_tag?post=14683"}],"curies":[{"name":"wp","href":"https:\/\/api.w.org\/{rel}","templated":true}]}}