{"id":14684,"date":"2023-11-03T23:25:45","date_gmt":"2023-11-03T22:25:45","guid":{"rendered":"http:\/\/innocentiemangonipiante.it\/albizia-julibrissin\/"},"modified":"2023-11-06T17:18:37","modified_gmt":"2023-11-06T16:18:37","slug":"albizia-julibrissin","status":"publish","type":"product","link":"https:\/\/innocentiemangonipiante.it\/de\/albizia-julibrissin\/","title":{"rendered":"ALBIZIA julibrissin"},"content":{"rendered":"<p>\u201cSeidenbaum\u201d. Sommergr\u00fcner Baum, mittelgro\u00dfer und ausladender Wuchs, im Alter fast kuppelf\u00f6rmig. Die Bl\u00e4tter, von hellgr\u00fcn bis mittelgr\u00fcn, sind 30-40 cm lang. Von Juli bis September bl\u00fcht er in 7-15 cm breiten rosafarbigen Str\u00e4u\u00dfchener. Bevorzugt einen sonnigen Standort, frische und feuchte B\u00f6den.<\/p>\n","protected":false},"excerpt":{"rendered":"<p>\u201cSeidenbaum\u201d. Sommergr\u00fcner Baum, mittelgro\u00dfer und ausladender Wuchs, im Alter fast kuppelf\u00f6rmig. Die Bl\u00e4tter, von hellgr\u00fcn bis mittelgr\u00fcn, sind 30-40 cm lang. Von Juli bis September bl\u00fcht er in 7-15 cm breiten rosafarbigen Str\u00e4u\u00dfchener. Bevorzugt einen sonnigen Standort, frische und feuchte B\u00f6den.<\/p>\n","protected":false},"featured_media":655,"template":"","meta":{"_acf_changed":false},"product_brand":[],"product_cat":[8813,9231],"product_tag":[10898,8565,8401,8597],"class_list":{"0":"post-14684","1":"product","2":"type-product","3":"status-publish","4":"has-post-thumbnail","6":"product_cat-laubbaume-und-straucher","7":"product_cat-baume-und-pflanzen-der-zukunft","8":"product_tag-naturlichen","9":"product_tag-halbstamm","10":"product_tag-hochstamm","11":"product_tag-multistamm","12":"pa_altezza-massima-500-de","13":"pa_altezza-massima-800-de","14":"pa_colore-fioritura-rose-de","15":"pa_condizionamento-clt-de","16":"pa_condizionamento-m-de","17":"pa_famiglia-leguminosae-de","18":"pa_genere-albizia-de","19":"pa_origine-ostasien","20":"pa_periodo-fioritura-august-de","21":"pa_periodo-fioritura-juli","22":"pa_periodo-fioritura-september-de","23":"pa_portamento-eretto-de","24":"pa_resistenza-climatica-mittel-hoch","25":"pa_resistenza-del-suolo-bestandig-gegen-kalkhaltige-boden","26":"pa_resistenza-del-suolo-bestandig-gegen-trockene-boden","27":"pa_utilizzo-parks-de","29":"first","30":"instock","31":"purchasable","32":"product-type-simple"},"acf":[],"_links":{"self":[{"href":"https:\/\/innocentiemangonipiante.it\/de\/wp-json\/wp\/v2\/product\/14684","targetHints":{"allow":["GET"]}}],"collection":[{"href":"https:\/\/innocentiemangonipiante.it\/de\/wp-json\/wp\/v2\/product"}],"about":[{"href":"https:\/\/innocentiemangonipiante.it\/de\/wp-json\/wp\/v2\/types\/product"}],"wp:featuredmedia":[{"embeddable":true,"href":"https:\/\/innocentiemangonipiante.it\/de\/wp-json\/wp\/v2\/media\/655"}],"wp:attachment":[{"href":"https:\/\/innocentiemangonipiante.it\/de\/wp-json\/wp\/v2\/media?parent=14684"}],"wp:term":[{"taxonomy":"product_brand","embeddable":true,"href":"https:\/\/innocentiemangonipiante.it\/de\/wp-json\/wp\/v2\/product_brand?post=14684"},{"taxonomy":"product_cat","embeddable":true,"href":"https:\/\/innocentiemangonipiante.it\/de\/wp-json\/wp\/v2\/product_cat?post=14684"},{"taxonomy":"product_tag","embeddable":true,"href":"https:\/\/innocentiemangonipiante.it\/de\/wp-json\/wp\/v2\/product_tag?post=14684"}],"curies":[{"name":"wp","href":"https:\/\/api.w.org\/{rel}","templated":true}]}}