{"id":14686,"date":"2023-11-03T23:27:02","date_gmt":"2023-11-03T22:27:02","guid":{"rendered":"http:\/\/innocentiemangonipiante.it\/alnus-incana\/"},"modified":"2023-11-06T17:19:39","modified_gmt":"2023-11-06T16:19:39","slug":"alnus-incana","status":"publish","type":"product","link":"https:\/\/innocentiemangonipiante.it\/de\/alnus-incana\/","title":{"rendered":"ALNUS incana"},"content":{"rendered":"<p>Laubbaum mit einer Krone in konischer Pyramidenform, geeignet f\u00fcr feuchte und n\u00e4hrstoffarme B\u00f6den. Klimatisch sehr robuste Sorte. Zum Winterende bringt sie typische gelb-braune K\u00e4tzchen hervor, gefolgt von dunkelgr\u00fcnen ovalen Bl\u00e4ttern.<\/p>\n","protected":false},"excerpt":{"rendered":"<p>Laubbaum mit einer Krone in konischer Pyramidenform, geeignet f\u00fcr feuchte und n\u00e4hrstoffarme B\u00f6den. Klimatisch sehr robuste Sorte. Zum Winterende bringt sie typische gelb-braune K\u00e4tzchen hervor, gefolgt von dunkelgr\u00fcnen ovalen Bl\u00e4ttern.<\/p>\n","protected":false},"featured_media":686,"template":"","meta":{"_acf_changed":false},"product_brand":[],"product_cat":[8813],"product_tag":[10898,8401],"class_list":{"0":"post-14686","1":"product","2":"type-product","3":"status-publish","4":"has-post-thumbnail","6":"product_cat-laubbaume-und-straucher","7":"product_tag-naturlichen","8":"product_tag-hochstamm","9":"pa_altezza-massima-15-meter","10":"pa_altezza-massima-20-meter","11":"pa_condizionamento-clt-de","12":"pa_condizionamento-m-de","13":"pa_famiglia-betulaceae-de","14":"pa_genere-alnus-de","15":"pa_origine-mitteleuropa","16":"pa_portamento-conico-de","17":"pa_resistenza-climatica-sehr-hoch","18":"pa_salinita-bestaendigkeit-in-meeresluft","19":"pa_utilizzo-parks-de","21":"first","22":"instock","23":"purchasable","24":"product-type-simple"},"acf":[],"_links":{"self":[{"href":"https:\/\/innocentiemangonipiante.it\/de\/wp-json\/wp\/v2\/product\/14686","targetHints":{"allow":["GET"]}}],"collection":[{"href":"https:\/\/innocentiemangonipiante.it\/de\/wp-json\/wp\/v2\/product"}],"about":[{"href":"https:\/\/innocentiemangonipiante.it\/de\/wp-json\/wp\/v2\/types\/product"}],"wp:featuredmedia":[{"embeddable":true,"href":"https:\/\/innocentiemangonipiante.it\/de\/wp-json\/wp\/v2\/media\/686"}],"wp:attachment":[{"href":"https:\/\/innocentiemangonipiante.it\/de\/wp-json\/wp\/v2\/media?parent=14686"}],"wp:term":[{"taxonomy":"product_brand","embeddable":true,"href":"https:\/\/innocentiemangonipiante.it\/de\/wp-json\/wp\/v2\/product_brand?post=14686"},{"taxonomy":"product_cat","embeddable":true,"href":"https:\/\/innocentiemangonipiante.it\/de\/wp-json\/wp\/v2\/product_cat?post=14686"},{"taxonomy":"product_tag","embeddable":true,"href":"https:\/\/innocentiemangonipiante.it\/de\/wp-json\/wp\/v2\/product_tag?post=14686"}],"curies":[{"name":"wp","href":"https:\/\/api.w.org\/{rel}","templated":true}]}}