{"id":14688,"date":"2023-11-03T23:26:50","date_gmt":"2023-11-03T22:26:50","guid":{"rendered":"http:\/\/innocentiemangonipiante.it\/alnus-glutinosa\/"},"modified":"2023-11-06T17:19:31","modified_gmt":"2023-11-06T16:19:31","slug":"alnus-glutinosa","status":"publish","type":"product","link":"https:\/\/innocentiemangonipiante.it\/de\/alnus-glutinosa\/","title":{"rendered":"ALNUS glutinosa"},"content":{"rendered":"<p>Breit kegelf\u00f6rmiger Baum mit ovalen dunkelgr\u00fcnen Bl\u00e4ttern. Am Winterende produziert es reiche Mengen an herabh\u00e4ngenden goldgelben K\u00e4tzchen. Schnelles Wachstum. Bevorzugt feuchte und fruchtbare B\u00f6den. Sensibel an die U.V.Strahlung direkt am Stamm. Es empfehlt sich zu sch\u00fctzen.<\/p>\n","protected":false},"excerpt":{"rendered":"<p>Breit kegelf\u00f6rmiger Baum mit ovalen dunkelgr\u00fcnen Bl\u00e4ttern. Am Winterende produziert es reiche Mengen an herabh\u00e4ngenden goldgelben K\u00e4tzchen. Schnelles Wachstum. Bevorzugt feuchte und fruchtbare B\u00f6den. Sensibel an die U.V.Strahlung direkt am Stamm. Es empfehlt sich zu sch\u00fctzen.<\/p>\n","protected":false},"featured_media":674,"template":"","meta":{"_acf_changed":false},"product_brand":[],"product_cat":[8813],"product_tag":[10898,8401],"class_list":{"0":"post-14688","1":"product","2":"type-product","3":"status-publish","4":"has-post-thumbnail","6":"product_cat-laubbaume-und-straucher","7":"product_tag-naturlichen","8":"product_tag-hochstamm","9":"pa_altezza-massima-1000-de-2","10":"pa_altezza-massima-15-meter","11":"pa_condizionamento-clt-de","12":"pa_condizionamento-m-de","13":"pa_famiglia-betulaceae-de","14":"pa_genere-alnus-de","15":"pa_inquinamento-bestaendigkeit-gegen-smog","16":"pa_origine-sudeuropa-de","17":"pa_portamento-piramidale-de","18":"pa_resistenza-climatica-sehr-hoch","19":"pa_resistenza-del-suolo-bestandig-gegen-kalkhaltige-boden","20":"pa_salinita-bestaendigkeit-in-meeresluft","21":"pa_utilizzo-parks-de","23":"first","24":"instock","25":"purchasable","26":"product-type-simple"},"acf":[],"_links":{"self":[{"href":"https:\/\/innocentiemangonipiante.it\/de\/wp-json\/wp\/v2\/product\/14688","targetHints":{"allow":["GET"]}}],"collection":[{"href":"https:\/\/innocentiemangonipiante.it\/de\/wp-json\/wp\/v2\/product"}],"about":[{"href":"https:\/\/innocentiemangonipiante.it\/de\/wp-json\/wp\/v2\/types\/product"}],"wp:featuredmedia":[{"embeddable":true,"href":"https:\/\/innocentiemangonipiante.it\/de\/wp-json\/wp\/v2\/media\/674"}],"wp:attachment":[{"href":"https:\/\/innocentiemangonipiante.it\/de\/wp-json\/wp\/v2\/media?parent=14688"}],"wp:term":[{"taxonomy":"product_brand","embeddable":true,"href":"https:\/\/innocentiemangonipiante.it\/de\/wp-json\/wp\/v2\/product_brand?post=14688"},{"taxonomy":"product_cat","embeddable":true,"href":"https:\/\/innocentiemangonipiante.it\/de\/wp-json\/wp\/v2\/product_cat?post=14688"},{"taxonomy":"product_tag","embeddable":true,"href":"https:\/\/innocentiemangonipiante.it\/de\/wp-json\/wp\/v2\/product_tag?post=14688"}],"curies":[{"name":"wp","href":"https:\/\/api.w.org\/{rel}","templated":true}]}}