{"id":14689,"date":"2023-11-03T23:26:38","date_gmt":"2023-11-03T22:26:38","guid":{"rendered":"http:\/\/innocentiemangonipiante.it\/alnus-cordata\/"},"modified":"2023-11-06T17:19:23","modified_gmt":"2023-11-06T16:19:23","slug":"alnus-cordata","status":"publish","type":"product","link":"https:\/\/innocentiemangonipiante.it\/de\/alnus-cordata\/","title":{"rendered":"ALNUS cordata"},"content":{"rendered":"<p>Kegelf\u00f6rmiger Baum mit dunkelgr\u00fcnen Bl\u00e4ttern. Gute Herbstf\u00e4rbung. Sehr interessant f\u00fcr die F\u00e4higkeit sich an sehr arme und \u00fcberschwemmte B\u00f6den anzupassen. Sehr gut als Windschutzstreifen.<\/p>\n","protected":false},"excerpt":{"rendered":"<p>Kegelf\u00f6rmiger Baum mit dunkelgr\u00fcnen Bl\u00e4ttern. Gute Herbstf\u00e4rbung. Sehr interessant f\u00fcr die F\u00e4higkeit sich an sehr arme und \u00fcberschwemmte B\u00f6den anzupassen. Sehr gut als Windschutzstreifen.<\/p>\n","protected":false},"featured_media":668,"template":"","meta":{"_acf_changed":false},"product_brand":[],"product_cat":[8813],"product_tag":[10898,8401],"class_list":{"0":"post-14689","1":"product","2":"type-product","3":"status-publish","4":"has-post-thumbnail","6":"product_cat-laubbaume-und-straucher","7":"product_tag-naturlichen","8":"product_tag-hochstamm","9":"pa_altezza-massima-1000-de-2","10":"pa_altezza-massima-15-meter","11":"pa_condizionamento-m-de","12":"pa_famiglia-betulaceae-de","13":"pa_genere-alnus-de","14":"pa_inquinamento-bestaendigkeit-gegen-smog","15":"pa_origine-italien","16":"pa_origine-korsika","17":"pa_portamento-piramidale-de","18":"pa_resistenza-climatica-sehr-hoch","19":"pa_resistenza-del-suolo-bestandigkeit-auf-feuchten-boden","20":"pa_resistenza-del-suolo-resistent-gegen-arme-boeden","21":"pa_utilizzo-alleen","22":"pa_utilizzo-hecken","24":"first","25":"instock","26":"purchasable","27":"product-type-simple"},"acf":[],"_links":{"self":[{"href":"https:\/\/innocentiemangonipiante.it\/de\/wp-json\/wp\/v2\/product\/14689","targetHints":{"allow":["GET"]}}],"collection":[{"href":"https:\/\/innocentiemangonipiante.it\/de\/wp-json\/wp\/v2\/product"}],"about":[{"href":"https:\/\/innocentiemangonipiante.it\/de\/wp-json\/wp\/v2\/types\/product"}],"wp:featuredmedia":[{"embeddable":true,"href":"https:\/\/innocentiemangonipiante.it\/de\/wp-json\/wp\/v2\/media\/668"}],"wp:attachment":[{"href":"https:\/\/innocentiemangonipiante.it\/de\/wp-json\/wp\/v2\/media?parent=14689"}],"wp:term":[{"taxonomy":"product_brand","embeddable":true,"href":"https:\/\/innocentiemangonipiante.it\/de\/wp-json\/wp\/v2\/product_brand?post=14689"},{"taxonomy":"product_cat","embeddable":true,"href":"https:\/\/innocentiemangonipiante.it\/de\/wp-json\/wp\/v2\/product_cat?post=14689"},{"taxonomy":"product_tag","embeddable":true,"href":"https:\/\/innocentiemangonipiante.it\/de\/wp-json\/wp\/v2\/product_tag?post=14689"}],"curies":[{"name":"wp","href":"https:\/\/api.w.org\/{rel}","templated":true}]}}