{"id":14690,"date":"2023-11-03T23:27:29","date_gmt":"2023-11-03T22:27:29","guid":{"rendered":"http:\/\/innocentiemangonipiante.it\/aloe-vera\/"},"modified":"2023-11-06T17:20:44","modified_gmt":"2023-11-06T16:20:44","slug":"aloe-vera","status":"publish","type":"product","link":"https:\/\/innocentiemangonipiante.it\/de\/aloe-vera\/","title":{"rendered":"ALOE vera"},"content":{"rendered":"<p>Sukkulente, b\u00fcschelige Sorte mit lanzettartigen grau-gr\u00fcnen Bl\u00e4ttern. Im Sommer gibt es aufrechte Rispen bis 90 cm lang mit r\u00f6hrenf\u00f6rmigen gelben Bl\u00fcten.<\/p>\n","protected":false},"excerpt":{"rendered":"<p>Sukkulente, b\u00fcschelige Sorte mit lanzettartigen grau-gr\u00fcnen Bl\u00e4ttern. Im Sommer gibt es aufrechte Rispen bis 90 cm lang mit r\u00f6hrenf\u00f6rmigen gelben Bl\u00fcten.<\/p>\n","protected":false},"featured_media":704,"template":"","meta":{"_acf_changed":false},"product_brand":[],"product_cat":[8832],"product_tag":[10898],"class_list":{"0":"post-14690","1":"product","2":"type-product","3":"status-publish","4":"has-post-thumbnail","6":"product_cat-palmartig-und-saftig","7":"product_tag-naturlichen","8":"pa_altezza-massima-100-de","9":"pa_altezza-massima-150-de","10":"pa_colore-delle-foglie-grauen","11":"pa_colore-fioritura-gelbe","12":"pa_condizionamento-clt-de","13":"pa_condizionamento-schale","14":"pa_famiglia-aloeaceae-de","15":"pa_genere-aloe-de","16":"pa_origine-sudafrika","17":"pa_periodo-fioritura-juli","18":"pa_periodo-fioritura-juni","19":"pa_portamento-eretto-de","20":"pa_resistenza-climatica-sehr-niedrig","21":"pa_resistenza-del-suolo-bestandig-gegen-trockene-boden","22":"pa_salinita-bestaendigkeit-in-meeresluft","23":"pa_utilizzo-balkone","24":"pa_utilizzo-im-innen","25":"pa_utilizzo-kleine-gaerten","27":"first","28":"instock","29":"purchasable","30":"product-type-simple"},"acf":[],"_links":{"self":[{"href":"https:\/\/innocentiemangonipiante.it\/de\/wp-json\/wp\/v2\/product\/14690","targetHints":{"allow":["GET"]}}],"collection":[{"href":"https:\/\/innocentiemangonipiante.it\/de\/wp-json\/wp\/v2\/product"}],"about":[{"href":"https:\/\/innocentiemangonipiante.it\/de\/wp-json\/wp\/v2\/types\/product"}],"wp:featuredmedia":[{"embeddable":true,"href":"https:\/\/innocentiemangonipiante.it\/de\/wp-json\/wp\/v2\/media\/704"}],"wp:attachment":[{"href":"https:\/\/innocentiemangonipiante.it\/de\/wp-json\/wp\/v2\/media?parent=14690"}],"wp:term":[{"taxonomy":"product_brand","embeddable":true,"href":"https:\/\/innocentiemangonipiante.it\/de\/wp-json\/wp\/v2\/product_brand?post=14690"},{"taxonomy":"product_cat","embeddable":true,"href":"https:\/\/innocentiemangonipiante.it\/de\/wp-json\/wp\/v2\/product_cat?post=14690"},{"taxonomy":"product_tag","embeddable":true,"href":"https:\/\/innocentiemangonipiante.it\/de\/wp-json\/wp\/v2\/product_tag?post=14690"}],"curies":[{"name":"wp","href":"https:\/\/api.w.org\/{rel}","templated":true}]}}