{"id":14691,"date":"2023-11-03T23:27:22","date_gmt":"2023-11-03T22:27:22","guid":{"rendered":"http:\/\/innocentiemangonipiante.it\/aloe-arborescens\/"},"modified":"2023-11-06T17:20:33","modified_gmt":"2023-11-06T16:20:33","slug":"aloe-arborescens","status":"publish","type":"product","link":"https:\/\/innocentiemangonipiante.it\/de\/aloe-arborescens\/","title":{"rendered":"ALOE arborescens"},"content":{"rendered":"<p>Sukkulente, baumartige, sehr verzweigte Sorte. Im sp\u00e4ten Fr\u00fchjahr gibt es rote, zylindrische Bl\u00fcten auf apikalen Rispen bis 30 cm hoch.<\/p>\n","protected":false},"excerpt":{"rendered":"<p>Sukkulente, baumartige, sehr verzweigte Sorte. Im sp\u00e4ten Fr\u00fchjahr gibt es rote, zylindrische Bl\u00fcten auf apikalen Rispen bis 30 cm hoch.<\/p>\n","protected":false},"featured_media":698,"template":"","meta":{"_acf_changed":false},"product_brand":[],"product_cat":[8832],"product_tag":[10898],"class_list":{"0":"post-14691","1":"product","2":"type-product","3":"status-publish","4":"has-post-thumbnail","6":"product_cat-palmartig-und-saftig","7":"product_tag-naturlichen","8":"pa_altezza-massima-200-de","9":"pa_altezza-massima-300-de","10":"pa_colore-fioritura-rot","11":"pa_condizionamento-clt-de","12":"pa_condizionamento-schale","13":"pa_famiglia-aloeaceae-de","14":"pa_genere-aloe-de","15":"pa_origine-sudafrika","16":"pa_periodo-fioritura-juni","17":"pa_periodo-fioritura-mai-de","18":"pa_portamento-eretto-de","19":"pa_resistenza-climatica-pflanzen-mit-geringem-klimawiderstand","20":"pa_resistenza-del-suolo-bestandig-gegen-trockene-boden","21":"pa_salinita-bestaendigkeit-in-meeresluft","22":"pa_utilizzo-kleine-gaerten","23":"pa_utilizzo-parks-de","25":"first","26":"instock","27":"purchasable","28":"product-type-simple"},"acf":[],"_links":{"self":[{"href":"https:\/\/innocentiemangonipiante.it\/de\/wp-json\/wp\/v2\/product\/14691","targetHints":{"allow":["GET"]}}],"collection":[{"href":"https:\/\/innocentiemangonipiante.it\/de\/wp-json\/wp\/v2\/product"}],"about":[{"href":"https:\/\/innocentiemangonipiante.it\/de\/wp-json\/wp\/v2\/types\/product"}],"wp:featuredmedia":[{"embeddable":true,"href":"https:\/\/innocentiemangonipiante.it\/de\/wp-json\/wp\/v2\/media\/698"}],"wp:attachment":[{"href":"https:\/\/innocentiemangonipiante.it\/de\/wp-json\/wp\/v2\/media?parent=14691"}],"wp:term":[{"taxonomy":"product_brand","embeddable":true,"href":"https:\/\/innocentiemangonipiante.it\/de\/wp-json\/wp\/v2\/product_brand?post=14691"},{"taxonomy":"product_cat","embeddable":true,"href":"https:\/\/innocentiemangonipiante.it\/de\/wp-json\/wp\/v2\/product_cat?post=14691"},{"taxonomy":"product_tag","embeddable":true,"href":"https:\/\/innocentiemangonipiante.it\/de\/wp-json\/wp\/v2\/product_tag?post=14691"}],"curies":[{"name":"wp","href":"https:\/\/api.w.org\/{rel}","templated":true}]}}