{"id":14694,"date":"2023-11-03T23:29:45","date_gmt":"2023-11-03T22:29:45","guid":{"rendered":"http:\/\/innocentiemangonipiante.it\/araucaria-araucana\/"},"modified":"2023-11-06T17:22:39","modified_gmt":"2023-11-06T16:22:39","slug":"araucaria-araucana","status":"publish","type":"product","link":"https:\/\/innocentiemangonipiante.it\/de\/araucaria-araucana\/","title":{"rendered":"ARAUCARIA araucana"},"content":{"rendered":"<p>\u201cSchmucktanne\u201d. Nadelbaum mit kegelf\u00f6rmigem Wuchs, im Alter fast rund. Die Bl\u00e4tter sind steif, dreieckig, scharf und spitz zulaufend, leuchtend dunkelgr\u00fcn, spiralf\u00f6rmig in der ganzen L\u00e4nge der Zweige. Sonniger Standort. B\u00f6den: leicht und wenig kalkreich. Ziemlich windhart und stadtklimafest.<\/p>\n","protected":false},"excerpt":{"rendered":"<p>\u201cSchmucktanne\u201d. Nadelbaum mit kegelf\u00f6rmigem Wuchs, im Alter fast rund. Die Bl\u00e4tter sind steif, dreieckig, scharf und spitz zulaufend, leuchtend dunkelgr\u00fcn, spiralf\u00f6rmig in der ganzen L\u00e4nge der Zweige. Sonniger Standort. B\u00f6den: leicht und wenig kalkreich. Ziemlich windhart und stadtklimafest.<\/p>\n","protected":false},"featured_media":729,"template":"","meta":{"_acf_changed":false},"product_brand":[],"product_cat":[8825],"product_tag":[10898],"class_list":{"0":"post-14694","1":"product","2":"type-product","3":"status-publish","4":"has-post-thumbnail","6":"product_cat-koniferen","7":"product_tag-naturlichen","8":"pa_altezza-massima-20-meter","9":"pa_altezza-massima-30-meter","10":"pa_condizionamento-clt-de","11":"pa_condizionamento-jungplanzen","12":"pa_famiglia-araucariaceae-de","13":"pa_genere-araucaria-de","14":"pa_origine-sudamerika","15":"pa_portamento-piramidale-de","16":"pa_resistenza-climatica-sehr-hoch","17":"pa_resistenza-del-suolo-bestandigkeit-auf-feuchten-boden","18":"pa_utilizzo-parks-de","20":"first","21":"instock","22":"purchasable","23":"product-type-simple"},"acf":[],"_links":{"self":[{"href":"https:\/\/innocentiemangonipiante.it\/de\/wp-json\/wp\/v2\/product\/14694","targetHints":{"allow":["GET"]}}],"collection":[{"href":"https:\/\/innocentiemangonipiante.it\/de\/wp-json\/wp\/v2\/product"}],"about":[{"href":"https:\/\/innocentiemangonipiante.it\/de\/wp-json\/wp\/v2\/types\/product"}],"wp:featuredmedia":[{"embeddable":true,"href":"https:\/\/innocentiemangonipiante.it\/de\/wp-json\/wp\/v2\/media\/729"}],"wp:attachment":[{"href":"https:\/\/innocentiemangonipiante.it\/de\/wp-json\/wp\/v2\/media?parent=14694"}],"wp:term":[{"taxonomy":"product_brand","embeddable":true,"href":"https:\/\/innocentiemangonipiante.it\/de\/wp-json\/wp\/v2\/product_brand?post=14694"},{"taxonomy":"product_cat","embeddable":true,"href":"https:\/\/innocentiemangonipiante.it\/de\/wp-json\/wp\/v2\/product_cat?post=14694"},{"taxonomy":"product_tag","embeddable":true,"href":"https:\/\/innocentiemangonipiante.it\/de\/wp-json\/wp\/v2\/product_tag?post=14694"}],"curies":[{"name":"wp","href":"https:\/\/api.w.org\/{rel}","templated":true}]}}