{"id":14695,"date":"2023-11-03T23:29:59","date_gmt":"2023-11-03T22:29:59","guid":{"rendered":"http:\/\/innocentiemangonipiante.it\/arbutus-unedo\/"},"modified":"2023-11-06T17:23:27","modified_gmt":"2023-11-06T16:23:27","slug":"arbutus-unedo","status":"publish","type":"product","link":"https:\/\/innocentiemangonipiante.it\/de\/arbutus-unedo\/","title":{"rendered":"ARBUTUS unedo"},"content":{"rendered":"<p>\u201cErdbeerbaum\u201d. Immergr\u00fcner Baum oder Strauch, mit sehr dichtem, leuchtend gr\u00fcnem Laub. Die Rinde ist rauh, rot-braun. Die Bl\u00fcte ist cremewei\u00df, manchmal rosa get\u00f6nt, in \u00fcberh\u00e4ngenden Rispen von ca. 5-10 cm. Die roten e\u00dfbaren Fr\u00fcchte sind leicht kugelf\u00f6rmig und haben einen Durchmesser von ca. 2 cm Reifezeit im Herbst des folgenden Jahres.<\/p>\n","protected":false},"excerpt":{"rendered":"<p>\u201cErdbeerbaum\u201d. Immergr\u00fcner Baum oder Strauch, mit sehr dichtem, leuchtend gr\u00fcnem Laub. Die Rinde ist rauh, rot-braun. Die Bl\u00fcte ist cremewei\u00df, manchmal rosa get\u00f6nt, in \u00fcberh\u00e4ngenden Rispen von ca. 5-10 cm. Die roten e\u00dfbaren Fr\u00fcchte sind leicht kugelf\u00f6rmig und haben einen Durchmesser von ca. 2 cm Reifezeit im Herbst des folgenden Jahres.<\/p>\n","protected":false},"featured_media":735,"template":"","meta":{"_acf_changed":false},"product_brand":[],"product_cat":[8816,9231],"product_tag":[10898,8789,8565,8401,8498,8597,8544],"class_list":{"0":"post-14695","1":"product","2":"type-product","3":"status-publish","4":"has-post-thumbnail","6":"product_cat-hartnaeckige-baeume-und-straeucher","7":"product_cat-baume-und-pflanzen-der-zukunft","8":"product_tag-naturlichen","9":"product_tag-alte-stamme","10":"product_tag-halbstamm","11":"product_tag-hochstamm","12":"product_tag-mehrstammig-mit-schirmformiger-krone","13":"product_tag-multistamm","14":"product_tag-solitar","15":"pa_altezza-massima-600-de","16":"pa_altezza-massima-12-meter","17":"pa_colore-fioritura-weis","18":"pa_condizionamento-clt-de","19":"pa_condizionamento-jungplanzen","20":"pa_famiglia-ericaceae-de","21":"pa_genere-arbutus-de","22":"pa_origine-sudeuropa-de","23":"pa_periodo-fioritura-november-de","24":"pa_periodo-fioritura-oktober","25":"pa_periodo-fruttificazione-november-de","26":"pa_portamento-arrotondato-de","27":"pa_resistenza-climatica-mittel-hoch","28":"pa_resistenza-del-suolo-bestandig-gegen-kalkhaltige-boden","29":"pa_resistenza-del-suolo-bestandig-gegen-trockene-boden","30":"pa_salinita-bestaendigkeit-in-meeresluft","31":"pa_utilizzo-kleine-gaerten","32":"pa_utilizzo-parks-de","34":"first","35":"instock","36":"purchasable","37":"product-type-simple"},"acf":[],"_links":{"self":[{"href":"https:\/\/innocentiemangonipiante.it\/de\/wp-json\/wp\/v2\/product\/14695","targetHints":{"allow":["GET"]}}],"collection":[{"href":"https:\/\/innocentiemangonipiante.it\/de\/wp-json\/wp\/v2\/product"}],"about":[{"href":"https:\/\/innocentiemangonipiante.it\/de\/wp-json\/wp\/v2\/types\/product"}],"wp:featuredmedia":[{"embeddable":true,"href":"https:\/\/innocentiemangonipiante.it\/de\/wp-json\/wp\/v2\/media\/735"}],"wp:attachment":[{"href":"https:\/\/innocentiemangonipiante.it\/de\/wp-json\/wp\/v2\/media?parent=14695"}],"wp:term":[{"taxonomy":"product_brand","embeddable":true,"href":"https:\/\/innocentiemangonipiante.it\/de\/wp-json\/wp\/v2\/product_brand?post=14695"},{"taxonomy":"product_cat","embeddable":true,"href":"https:\/\/innocentiemangonipiante.it\/de\/wp-json\/wp\/v2\/product_cat?post=14695"},{"taxonomy":"product_tag","embeddable":true,"href":"https:\/\/innocentiemangonipiante.it\/de\/wp-json\/wp\/v2\/product_tag?post=14695"}],"curies":[{"name":"wp","href":"https:\/\/api.w.org\/{rel}","templated":true}]}}