{"id":14696,"date":"2023-11-03T23:30:28","date_gmt":"2023-11-03T22:30:28","guid":{"rendered":"http:\/\/innocentiemangonipiante.it\/archontophoenix-alexandrae\/"},"modified":"2023-11-06T17:24:14","modified_gmt":"2023-11-06T16:24:14","slug":"archontophoenix-alexandrae","status":"publish","type":"product","link":"https:\/\/innocentiemangonipiante.it\/de\/archontophoenix-alexandrae\/","title":{"rendered":"ARCHONTOPHOENIX alexandrae"},"content":{"rendered":"<p>Schnellwachsende Palme mit einem schlanken Stamm, der auf seiner Fl\u00e4che von den Bl\u00e4ttern eingravierte Ringe aufweist. Die Bl\u00e4tter sind von 2 bis 4 Meter lang, in der Form gebogen und gefiedert mit zahlreichen kleinen Bl\u00e4tterchen hellgr\u00fcn oder purpurrot abget\u00f6nt auf der Oberseite und von silber- bis graufarbig auf der Unterseite. Im Sommer produziert es kremen- bis gelbfarbigen Bl\u00fcten und ellipsoid- bis rundf\u00f6rmigen rotrosafarbige Fr\u00fcchte.<\/p>\n","protected":false},"excerpt":{"rendered":"<p>Schnellwachsende Palme mit einem schlanken Stamm, der auf seiner Fl\u00e4che von den Bl\u00e4ttern eingravierte Ringe aufweist. Die Bl\u00e4tter sind von 2 bis 4 Meter lang, in der Form gebogen und gefiedert mit zahlreichen kleinen Bl\u00e4tterchen hellgr\u00fcn oder purpurrot abget\u00f6nt auf der Oberseite und von silber- bis graufarbig auf der Unterseite. Im Sommer produziert es kremen- [&hellip;]<\/p>\n","protected":false},"featured_media":741,"template":"","meta":{"_acf_changed":false},"product_brand":[],"product_cat":[8318],"product_tag":[10898],"class_list":{"0":"post-14696","1":"product","2":"type-product","3":"status-publish","4":"has-post-thumbnail","6":"product_cat-keine-kategorie","7":"product_tag-naturlichen","8":"pa_altezza-massima-20-meter","9":"pa_altezza-massima-25-meter","10":"pa_colore-fioritura-gelbe","11":"pa_famiglia-arecaceae-de","12":"pa_genere-archontophoenix-de","13":"pa_inquinamento-bestaendigkeit-gegen-smog","14":"pa_origine-australien","15":"pa_periodo-fioritura-august-de","16":"pa_periodo-fioritura-juli","17":"pa_periodo-fruttificazione-dezember","18":"pa_periodo-fruttificazione-januar","19":"pa_periodo-fruttificazione-november-de","20":"pa_portamento-eretto-de","21":"pa_resistenza-climatica-sehr-hoch","22":"pa_resistenza-del-suolo-bestandig-gegen-kalkhaltige-boden","23":"pa_resistenza-del-suolo-bestandig-gegen-trockene-boden","24":"pa_salinita-bestaendigkeit-in-meeresluft","25":"pa_utilizzo-parks-de","27":"first","28":"instock","29":"purchasable","30":"product-type-simple"},"acf":[],"_links":{"self":[{"href":"https:\/\/innocentiemangonipiante.it\/de\/wp-json\/wp\/v2\/product\/14696","targetHints":{"allow":["GET"]}}],"collection":[{"href":"https:\/\/innocentiemangonipiante.it\/de\/wp-json\/wp\/v2\/product"}],"about":[{"href":"https:\/\/innocentiemangonipiante.it\/de\/wp-json\/wp\/v2\/types\/product"}],"wp:featuredmedia":[{"embeddable":true,"href":"https:\/\/innocentiemangonipiante.it\/de\/wp-json\/wp\/v2\/media\/741"}],"wp:attachment":[{"href":"https:\/\/innocentiemangonipiante.it\/de\/wp-json\/wp\/v2\/media?parent=14696"}],"wp:term":[{"taxonomy":"product_brand","embeddable":true,"href":"https:\/\/innocentiemangonipiante.it\/de\/wp-json\/wp\/v2\/product_brand?post=14696"},{"taxonomy":"product_cat","embeddable":true,"href":"https:\/\/innocentiemangonipiante.it\/de\/wp-json\/wp\/v2\/product_cat?post=14696"},{"taxonomy":"product_tag","embeddable":true,"href":"https:\/\/innocentiemangonipiante.it\/de\/wp-json\/wp\/v2\/product_tag?post=14696"}],"curies":[{"name":"wp","href":"https:\/\/api.w.org\/{rel}","templated":true}]}}