{"id":14697,"date":"2023-11-03T23:30:40","date_gmt":"2023-11-03T22:30:40","guid":{"rendered":"http:\/\/innocentiemangonipiante.it\/aristolochia-grandiflora\/"},"modified":"2023-11-06T17:24:19","modified_gmt":"2023-11-06T16:24:19","slug":"aristolochia-grandiflora","status":"publish","type":"product","link":"https:\/\/innocentiemangonipiante.it\/de\/aristolochia-grandiflora\/","title":{"rendered":"ARISTOLOCHIA grandiflora"},"content":{"rendered":"<p>Starke, immergr\u00fcne Pflanze mit grossen dunkelgr\u00fcnen Bl\u00e4ttern. Im Sommer grosse braun-purpurrote rundliche Bl\u00fcten.<\/p>\n","protected":false},"excerpt":{"rendered":"<p>Starke, immergr\u00fcne Pflanze mit grossen dunkelgr\u00fcnen Bl\u00e4ttern. Im Sommer grosse braun-purpurrote rundliche Bl\u00fcten.<\/p>\n","protected":false},"featured_media":747,"template":"","meta":{"_acf_changed":false},"product_brand":[],"product_cat":[8837],"product_tag":[10898],"class_list":{"0":"post-14697","1":"product","2":"type-product","3":"status-publish","4":"has-post-thumbnail","6":"product_cat-schlingpflanzen","7":"product_tag-naturlichen","8":"pa_altezza-massima-500-de","9":"pa_altezza-massima-800-de","10":"pa_colore-fioritura-magenta-de","11":"pa_condizionamento-clt-de","12":"pa_famiglia-aristolochiaceae-de","13":"pa_genere-aristolochia-de","14":"pa_origine-brasilien","15":"pa_periodo-fioritura-august-de","16":"pa_periodo-fioritura-juli","17":"pa_periodo-fioritura-juni","18":"pa_portamento-schlingpflanze","19":"pa_resistenza-climatica-sehr-niedrig","20":"pa_utilizzo-kleine-gaerten","21":"pa_utilizzo-parks-de","23":"first","24":"instock","25":"purchasable","26":"product-type-simple"},"acf":[],"_links":{"self":[{"href":"https:\/\/innocentiemangonipiante.it\/de\/wp-json\/wp\/v2\/product\/14697","targetHints":{"allow":["GET"]}}],"collection":[{"href":"https:\/\/innocentiemangonipiante.it\/de\/wp-json\/wp\/v2\/product"}],"about":[{"href":"https:\/\/innocentiemangonipiante.it\/de\/wp-json\/wp\/v2\/types\/product"}],"wp:featuredmedia":[{"embeddable":true,"href":"https:\/\/innocentiemangonipiante.it\/de\/wp-json\/wp\/v2\/media\/747"}],"wp:attachment":[{"href":"https:\/\/innocentiemangonipiante.it\/de\/wp-json\/wp\/v2\/media?parent=14697"}],"wp:term":[{"taxonomy":"product_brand","embeddable":true,"href":"https:\/\/innocentiemangonipiante.it\/de\/wp-json\/wp\/v2\/product_brand?post=14697"},{"taxonomy":"product_cat","embeddable":true,"href":"https:\/\/innocentiemangonipiante.it\/de\/wp-json\/wp\/v2\/product_cat?post=14697"},{"taxonomy":"product_tag","embeddable":true,"href":"https:\/\/innocentiemangonipiante.it\/de\/wp-json\/wp\/v2\/product_tag?post=14697"}],"curies":[{"name":"wp","href":"https:\/\/api.w.org\/{rel}","templated":true}]}}