{"id":14698,"date":"2023-11-03T23:31:01","date_gmt":"2023-11-03T22:31:01","guid":{"rendered":"http:\/\/innocentiemangonipiante.it\/aronia-melanocarpa\/"},"modified":"2023-11-06T17:24:27","modified_gmt":"2023-11-06T16:24:27","slug":"aronia-melanocarpa","status":"publish","type":"product","link":"https:\/\/innocentiemangonipiante.it\/de\/aronia-melanocarpa\/","title":{"rendered":"ARONIA melanocarpa"},"content":{"rendered":"<p>Sommergr\u00fcner Strauch mit aufrechtem Habitus und leuchtend gr\u00fcnen Bl\u00e4ttern, die zu Rot im Herbst wechseln. Im Sommer produziert weissrosafarbige Bl\u00fcten, gefolgt von schwarzen Beeren.<\/p>\n","protected":false},"excerpt":{"rendered":"<p>Sommergr\u00fcner Strauch mit aufrechtem Habitus und leuchtend gr\u00fcnen Bl\u00e4ttern, die zu Rot im Herbst wechseln. Im Sommer produziert weissrosafarbige Bl\u00fcten, gefolgt von schwarzen Beeren.<\/p>\n","protected":false},"featured_media":753,"template":"","meta":{"_acf_changed":false},"product_brand":[],"product_cat":[8813],"product_tag":[10898],"class_list":{"0":"post-14698","1":"product","2":"type-product","3":"status-publish","4":"has-post-thumbnail","6":"product_cat-laubbaume-und-straucher","7":"product_tag-naturlichen","8":"pa_altezza-massima-200-de","9":"pa_altezza-massima-300-de","10":"pa_colore-fioritura-weis","11":"pa_famiglia-rosaceae-de","12":"pa_genere-aronia-de","13":"pa_origine-u-s-a","14":"pa_periodo-fioritura-august-de","15":"pa_periodo-fioritura-juli","16":"pa_periodo-fioritura-juni","17":"pa_periodo-fruttificazione-september-de","18":"pa_portamento-fastigiato-de","19":"pa_resistenza-climatica-mittel-hoch","20":"pa_salinita-bestaendigkeit-in-meeresluft","21":"pa_utilizzo-hecken","22":"pa_utilizzo-kleine-gaerten","23":"pa_utilizzo-parks-de","25":"first","26":"instock","27":"purchasable","28":"product-type-simple"},"acf":[],"_links":{"self":[{"href":"https:\/\/innocentiemangonipiante.it\/de\/wp-json\/wp\/v2\/product\/14698","targetHints":{"allow":["GET"]}}],"collection":[{"href":"https:\/\/innocentiemangonipiante.it\/de\/wp-json\/wp\/v2\/product"}],"about":[{"href":"https:\/\/innocentiemangonipiante.it\/de\/wp-json\/wp\/v2\/types\/product"}],"wp:featuredmedia":[{"embeddable":true,"href":"https:\/\/innocentiemangonipiante.it\/de\/wp-json\/wp\/v2\/media\/753"}],"wp:attachment":[{"href":"https:\/\/innocentiemangonipiante.it\/de\/wp-json\/wp\/v2\/media?parent=14698"}],"wp:term":[{"taxonomy":"product_brand","embeddable":true,"href":"https:\/\/innocentiemangonipiante.it\/de\/wp-json\/wp\/v2\/product_brand?post=14698"},{"taxonomy":"product_cat","embeddable":true,"href":"https:\/\/innocentiemangonipiante.it\/de\/wp-json\/wp\/v2\/product_cat?post=14698"},{"taxonomy":"product_tag","embeddable":true,"href":"https:\/\/innocentiemangonipiante.it\/de\/wp-json\/wp\/v2\/product_tag?post=14698"}],"curies":[{"name":"wp","href":"https:\/\/api.w.org\/{rel}","templated":true}]}}