{"id":14719,"date":"2023-11-03T23:40:59","date_gmt":"2023-11-03T22:40:59","guid":{"rendered":"http:\/\/innocentiemangonipiante.it\/bambusa-shibataea-kumasaca\/"},"modified":"2023-11-06T17:31:55","modified_gmt":"2023-11-06T16:31:55","slug":"bambusa-shibataea-kumasaca","status":"publish","type":"product","link":"https:\/\/innocentiemangonipiante.it\/de\/bambusa-shibataea-kumasaca\/","title":{"rendered":"BAMBUSA Shibataea kumasaca"},"content":{"rendered":"<p>Braun-gr\u00fcne Halme, mit nahen Knoten und grossen Mengen an breitlanzettlichen, dunkelgr\u00fcnen bis 11 cm langen Bl\u00e4ttern.<\/p>\n","protected":false},"excerpt":{"rendered":"<p>Braun-gr\u00fcne Halme, mit nahen Knoten und grossen Mengen an breitlanzettlichen, dunkelgr\u00fcnen bis 11 cm langen Bl\u00e4ttern.<\/p>\n","protected":false},"featured_media":992,"template":"","meta":{"_acf_changed":false},"product_brand":[],"product_cat":[8821],"product_tag":[10898],"class_list":{"0":"post-14719","1":"product","2":"type-product","3":"status-publish","4":"has-post-thumbnail","6":"product_cat-wuchs","7":"product_tag-naturlichen","8":"pa_altezza-massima-0_80-meter","9":"pa_altezza-massima-130-de","10":"pa_condizionamento-clt-de","11":"pa_famiglia-graminaceae-de","12":"pa_genere-bambusa-de","13":"pa_origine-ostasien","14":"pa_portamento-saulenformig","15":"pa_resistenza-climatica-sehr-hoch","16":"pa_resistenza-del-suolo-bestandigkeit-auf-feuchten-boden","17":"pa_utilizzo-balkone","18":"pa_utilizzo-hecken","19":"pa_utilizzo-kleine-gaerten","21":"first","22":"instock","23":"purchasable","24":"product-type-simple"},"acf":[],"_links":{"self":[{"href":"https:\/\/innocentiemangonipiante.it\/de\/wp-json\/wp\/v2\/product\/14719","targetHints":{"allow":["GET"]}}],"collection":[{"href":"https:\/\/innocentiemangonipiante.it\/de\/wp-json\/wp\/v2\/product"}],"about":[{"href":"https:\/\/innocentiemangonipiante.it\/de\/wp-json\/wp\/v2\/types\/product"}],"wp:featuredmedia":[{"embeddable":true,"href":"https:\/\/innocentiemangonipiante.it\/de\/wp-json\/wp\/v2\/media\/992"}],"wp:attachment":[{"href":"https:\/\/innocentiemangonipiante.it\/de\/wp-json\/wp\/v2\/media?parent=14719"}],"wp:term":[{"taxonomy":"product_brand","embeddable":true,"href":"https:\/\/innocentiemangonipiante.it\/de\/wp-json\/wp\/v2\/product_brand?post=14719"},{"taxonomy":"product_cat","embeddable":true,"href":"https:\/\/innocentiemangonipiante.it\/de\/wp-json\/wp\/v2\/product_cat?post=14719"},{"taxonomy":"product_tag","embeddable":true,"href":"https:\/\/innocentiemangonipiante.it\/de\/wp-json\/wp\/v2\/product_tag?post=14719"}],"curies":[{"name":"wp","href":"https:\/\/api.w.org\/{rel}","templated":true}]}}