{"id":14721,"date":"2023-11-03T23:40:53","date_gmt":"2023-11-03T22:40:53","guid":{"rendered":"http:\/\/innocentiemangonipiante.it\/bambusa-pseudosasa-japonica\/"},"modified":"2023-11-06T17:31:30","modified_gmt":"2023-11-06T16:31:30","slug":"bambusa-pseudosasa-japonica","status":"publish","type":"product","link":"https:\/\/innocentiemangonipiante.it\/de\/bambusa-pseudosasa-japonica\/","title":{"rendered":"BAMBUSA Pseudosasa japonica"},"content":{"rendered":"<p>Mittelgro\u00dfe Entwicklung und ausladender Wuchs. Die jungen Stengel sind schmal und olivgr\u00fcn, bla\u00dfsandf\u00e4rbic im Alter. Die dunkelgr\u00fcnen, nach unten h\u00e4ngenden Bl\u00e4tter sind gro\u00df, l\u00e4nglich, bis 3,5 cm lang. Die Sorte ist besonders dekorativ und sehr frosthart.<\/p>\n","protected":false},"excerpt":{"rendered":"<p>Mittelgro\u00dfe Entwicklung und ausladender Wuchs. Die jungen Stengel sind schmal und olivgr\u00fcn, bla\u00dfsandf\u00e4rbic im Alter. Die dunkelgr\u00fcnen, nach unten h\u00e4ngenden Bl\u00e4tter sind gro\u00df, l\u00e4nglich, bis 3,5 cm lang. Die Sorte ist besonders dekorativ und sehr frosthart.<\/p>\n","protected":false},"featured_media":980,"template":"","meta":{"_acf_changed":false},"product_brand":[],"product_cat":[8821],"product_tag":[10898,8487],"class_list":{"0":"post-14721","1":"product","2":"type-product","3":"status-publish","4":"has-post-thumbnail","6":"product_cat-wuchs","7":"product_tag-naturlichen","8":"product_tag-kasten","9":"pa_altezza-massima-400-de","10":"pa_altezza-massima-600-de","11":"pa_condizionamento-clt-de","12":"pa_famiglia-graminaceae-de","13":"pa_genere-bambusa-de","14":"pa_origine-ostasien","15":"pa_portamento-saulenformig","16":"pa_resistenza-climatica-sehr-hoch","17":"pa_resistenza-del-suolo-bestandigkeit-auf-feuchten-boden","18":"pa_utilizzo-hecken","19":"pa_utilizzo-kleine-gaerten","20":"pa_utilizzo-parks-de","22":"first","23":"instock","24":"purchasable","25":"product-type-simple"},"acf":[],"_links":{"self":[{"href":"https:\/\/innocentiemangonipiante.it\/de\/wp-json\/wp\/v2\/product\/14721","targetHints":{"allow":["GET"]}}],"collection":[{"href":"https:\/\/innocentiemangonipiante.it\/de\/wp-json\/wp\/v2\/product"}],"about":[{"href":"https:\/\/innocentiemangonipiante.it\/de\/wp-json\/wp\/v2\/types\/product"}],"wp:featuredmedia":[{"embeddable":true,"href":"https:\/\/innocentiemangonipiante.it\/de\/wp-json\/wp\/v2\/media\/980"}],"wp:attachment":[{"href":"https:\/\/innocentiemangonipiante.it\/de\/wp-json\/wp\/v2\/media?parent=14721"}],"wp:term":[{"taxonomy":"product_brand","embeddable":true,"href":"https:\/\/innocentiemangonipiante.it\/de\/wp-json\/wp\/v2\/product_brand?post=14721"},{"taxonomy":"product_cat","embeddable":true,"href":"https:\/\/innocentiemangonipiante.it\/de\/wp-json\/wp\/v2\/product_cat?post=14721"},{"taxonomy":"product_tag","embeddable":true,"href":"https:\/\/innocentiemangonipiante.it\/de\/wp-json\/wp\/v2\/product_tag?post=14721"}],"curies":[{"name":"wp","href":"https:\/\/api.w.org\/{rel}","templated":true}]}}