{"id":14727,"date":"2023-11-03T23:40:21","date_gmt":"2023-11-03T22:40:21","guid":{"rendered":"http:\/\/innocentiemangonipiante.it\/bambusa-phyllostachys-vivax-aureocaulis\/"},"modified":"2023-11-06T17:31:17","modified_gmt":"2023-11-06T16:31:17","slug":"bambusa-phyllostachys-vivax-aureocaulis","status":"publish","type":"product","link":"https:\/\/innocentiemangonipiante.it\/de\/bambusa-phyllostachys-vivax-aureocaulis\/","title":{"rendered":"BAMBUSA Phyllostachys vivax &#8218;Aureocaulis&#8216;"},"content":{"rendered":"<p>Schnellwachsender Bambus. Das Laub ist typisch leuchtend gr\u00fcn. Die R\u00f6hren erreichen einen Durchmesser von 1-1,5 cm und haben eine gr\u00fcne bis gelbe und orangene F\u00e4rbung. Die jungen Trieben f\u00e4rben sich bei sonniger Lage rosa und rot. Sehr winterfest (-26\u00b0 C).<\/p>\n","protected":false},"excerpt":{"rendered":"<p>Schnellwachsender Bambus. Das Laub ist typisch leuchtend gr\u00fcn. Die R\u00f6hren erreichen einen Durchmesser von 1-1,5 cm und haben eine gr\u00fcne bis gelbe und orangene F\u00e4rbung. Die jungen Trieben f\u00e4rben sich bei sonniger Lage rosa und rot. Sehr winterfest (-26\u00b0 C).<\/p>\n","protected":false},"featured_media":950,"template":"","meta":{"_acf_changed":false},"product_brand":[],"product_cat":[8821],"product_tag":[10898],"class_list":{"0":"post-14727","1":"product","2":"type-product","3":"status-publish","4":"has-post-thumbnail","6":"product_cat-wuchs","7":"product_tag-naturlichen","8":"pa_altezza-massima-1000-de-2","9":"pa_altezza-massima-15-meter","10":"pa_condizionamento-clt-de","11":"pa_famiglia-graminaceae-de","12":"pa_genere-bambusa-de","13":"pa_origine-ostasien","14":"pa_portamento-saulenformig","15":"pa_resistenza-climatica-sehr-hoch","16":"pa_resistenza-del-suolo-bestandigkeit-auf-feuchten-boden","17":"pa_utilizzo-hecken","18":"pa_utilizzo-parks-de","20":"first","21":"instock","22":"purchasable","23":"product-type-simple"},"acf":[],"_links":{"self":[{"href":"https:\/\/innocentiemangonipiante.it\/de\/wp-json\/wp\/v2\/product\/14727","targetHints":{"allow":["GET"]}}],"collection":[{"href":"https:\/\/innocentiemangonipiante.it\/de\/wp-json\/wp\/v2\/product"}],"about":[{"href":"https:\/\/innocentiemangonipiante.it\/de\/wp-json\/wp\/v2\/types\/product"}],"wp:featuredmedia":[{"embeddable":true,"href":"https:\/\/innocentiemangonipiante.it\/de\/wp-json\/wp\/v2\/media\/950"}],"wp:attachment":[{"href":"https:\/\/innocentiemangonipiante.it\/de\/wp-json\/wp\/v2\/media?parent=14727"}],"wp:term":[{"taxonomy":"product_brand","embeddable":true,"href":"https:\/\/innocentiemangonipiante.it\/de\/wp-json\/wp\/v2\/product_brand?post=14727"},{"taxonomy":"product_cat","embeddable":true,"href":"https:\/\/innocentiemangonipiante.it\/de\/wp-json\/wp\/v2\/product_cat?post=14727"},{"taxonomy":"product_tag","embeddable":true,"href":"https:\/\/innocentiemangonipiante.it\/de\/wp-json\/wp\/v2\/product_tag?post=14727"}],"curies":[{"name":"wp","href":"https:\/\/api.w.org\/{rel}","templated":true}]}}