{"id":14728,"date":"2023-11-03T23:40:04","date_gmt":"2023-11-03T22:40:04","guid":{"rendered":"http:\/\/innocentiemangonipiante.it\/bambusa-phyllostachys-nigra\/"},"modified":"2023-11-06T17:31:07","modified_gmt":"2023-11-06T16:31:07","slug":"bambusa-phyllostachys-nigra","status":"publish","type":"product","link":"https:\/\/innocentiemangonipiante.it\/de\/bambusa-phyllostachys-nigra\/","title":{"rendered":"BAMBUSA Phyllostachys nigra"},"content":{"rendered":"<p>Wundersch\u00f6ner Bambus, mittelgro\u00dfer Wuchs. Schmale Rohre. Die neuen Halme sind leuchtend gr\u00fcn und nehmen, allm\u00e4hlich dunkler werdend, die typische schwarz-wei\u00dfe F\u00e4rbung an, die bei sonniger Lage noch ausgepr\u00e4gter ist. Lanzettf\u00f6rmige dunkelgr\u00fcne 10 bis 13 cm lange Bl\u00e4tter.<\/p>\n","protected":false},"excerpt":{"rendered":"<p>Wundersch\u00f6ner Bambus, mittelgro\u00dfer Wuchs. Schmale Rohre. Die neuen Halme sind leuchtend gr\u00fcn und nehmen, allm\u00e4hlich dunkler werdend, die typische schwarz-wei\u00dfe F\u00e4rbung an, die bei sonniger Lage noch ausgepr\u00e4gter ist. Lanzettf\u00f6rmige dunkelgr\u00fcne 10 bis 13 cm lange Bl\u00e4tter.<\/p>\n","protected":false},"featured_media":34589,"template":"","meta":{"_acf_changed":false},"product_brand":[],"product_cat":[8821],"product_tag":[10898,8498],"class_list":{"0":"post-14728","1":"product","2":"type-product","3":"status-publish","4":"has-post-thumbnail","6":"product_cat-wuchs","7":"product_tag-naturlichen","8":"product_tag-mehrstammig-mit-schirmformiger-krone","9":"pa_altezza-massima-500-de","10":"pa_altezza-massima-800-de","11":"pa_condizionamento-clt-de","12":"pa_condizionamento-schale","13":"pa_famiglia-graminaceae-de","14":"pa_genere-bambusa-de","15":"pa_origine-ostasien","16":"pa_portamento-saulenformig","17":"pa_resistenza-climatica-sehr-hoch","18":"pa_resistenza-del-suolo-bestandigkeit-auf-feuchten-boden","19":"pa_utilizzo-hecken","20":"pa_utilizzo-kleine-gaerten","21":"pa_utilizzo-parks-de","23":"first","24":"instock","25":"purchasable","26":"product-type-simple"},"acf":[],"_links":{"self":[{"href":"https:\/\/innocentiemangonipiante.it\/de\/wp-json\/wp\/v2\/product\/14728","targetHints":{"allow":["GET"]}}],"collection":[{"href":"https:\/\/innocentiemangonipiante.it\/de\/wp-json\/wp\/v2\/product"}],"about":[{"href":"https:\/\/innocentiemangonipiante.it\/de\/wp-json\/wp\/v2\/types\/product"}],"wp:featuredmedia":[{"embeddable":true,"href":"https:\/\/innocentiemangonipiante.it\/de\/wp-json\/wp\/v2\/media\/34589"}],"wp:attachment":[{"href":"https:\/\/innocentiemangonipiante.it\/de\/wp-json\/wp\/v2\/media?parent=14728"}],"wp:term":[{"taxonomy":"product_brand","embeddable":true,"href":"https:\/\/innocentiemangonipiante.it\/de\/wp-json\/wp\/v2\/product_brand?post=14728"},{"taxonomy":"product_cat","embeddable":true,"href":"https:\/\/innocentiemangonipiante.it\/de\/wp-json\/wp\/v2\/product_cat?post=14728"},{"taxonomy":"product_tag","embeddable":true,"href":"https:\/\/innocentiemangonipiante.it\/de\/wp-json\/wp\/v2\/product_tag?post=14728"}],"curies":[{"name":"wp","href":"https:\/\/api.w.org\/{rel}","templated":true}]}}