{"id":14730,"date":"2023-11-03T23:39:46","date_gmt":"2023-11-03T22:39:46","guid":{"rendered":"http:\/\/innocentiemangonipiante.it\/bambusa-phyllostachys-bissetii\/"},"modified":"2023-11-06T17:30:51","modified_gmt":"2023-11-06T16:30:51","slug":"bambusa-phyllostachys-bissetii","status":"publish","type":"product","link":"https:\/\/innocentiemangonipiante.it\/de\/bambusa-phyllostachys-bissetii\/","title":{"rendered":"BAMBUSA Phyllostachys bissetii"},"content":{"rendered":"<p>Mittlerer Wuchs. Die leuchtend gr\u00fcnen Rohre erreichen einen Durchmesser von ca. 2,5-3 cm. Die Bl\u00e4tter, ebenfalls dunkelgr\u00fcn, sind schmal und lanzettf\u00f6rmig und werden 12-15 cm lang. Die Pflanze zeichnet sich durch gro\u00dfe Widerstandf\u00e4higkeit gegen K\u00e4lte aus (-25\u00b0 C).<\/p>\n","protected":false},"excerpt":{"rendered":"<p>Mittlerer Wuchs. Die leuchtend gr\u00fcnen Rohre erreichen einen Durchmesser von ca. 2,5-3 cm. Die Bl\u00e4tter, ebenfalls dunkelgr\u00fcn, sind schmal und lanzettf\u00f6rmig und werden 12-15 cm lang. Die Pflanze zeichnet sich durch gro\u00dfe Widerstandf\u00e4higkeit gegen K\u00e4lte aus (-25\u00b0 C).<\/p>\n","protected":false},"featured_media":931,"template":"","meta":{"_acf_changed":false},"product_brand":[],"product_cat":[8821],"product_tag":[10898,8487,8498],"class_list":{"0":"post-14730","1":"product","2":"type-product","3":"status-publish","4":"has-post-thumbnail","6":"product_cat-wuchs","7":"product_tag-naturlichen","8":"product_tag-kasten","9":"product_tag-mehrstammig-mit-schirmformiger-krone","10":"pa_altezza-massima-500-de","11":"pa_altezza-massima-800-de","12":"pa_condizionamento-clt-de","13":"pa_condizionamento-schale","14":"pa_famiglia-graminaceae-de","15":"pa_genere-bambusa-de","16":"pa_origine-ostasien","17":"pa_portamento-saulenformig","18":"pa_resistenza-climatica-sehr-hoch","19":"pa_resistenza-del-suolo-bestandigkeit-auf-feuchten-boden","20":"pa_utilizzo-hecken","21":"pa_utilizzo-kleine-gaerten","22":"pa_utilizzo-parks-de","24":"first","25":"instock","26":"purchasable","27":"product-type-simple"},"acf":[],"_links":{"self":[{"href":"https:\/\/innocentiemangonipiante.it\/de\/wp-json\/wp\/v2\/product\/14730","targetHints":{"allow":["GET"]}}],"collection":[{"href":"https:\/\/innocentiemangonipiante.it\/de\/wp-json\/wp\/v2\/product"}],"about":[{"href":"https:\/\/innocentiemangonipiante.it\/de\/wp-json\/wp\/v2\/types\/product"}],"wp:featuredmedia":[{"embeddable":true,"href":"https:\/\/innocentiemangonipiante.it\/de\/wp-json\/wp\/v2\/media\/931"}],"wp:attachment":[{"href":"https:\/\/innocentiemangonipiante.it\/de\/wp-json\/wp\/v2\/media?parent=14730"}],"wp:term":[{"taxonomy":"product_brand","embeddable":true,"href":"https:\/\/innocentiemangonipiante.it\/de\/wp-json\/wp\/v2\/product_brand?post=14730"},{"taxonomy":"product_cat","embeddable":true,"href":"https:\/\/innocentiemangonipiante.it\/de\/wp-json\/wp\/v2\/product_cat?post=14730"},{"taxonomy":"product_tag","embeddable":true,"href":"https:\/\/innocentiemangonipiante.it\/de\/wp-json\/wp\/v2\/product_tag?post=14730"}],"curies":[{"name":"wp","href":"https:\/\/api.w.org\/{rel}","templated":true}]}}