{"id":14731,"date":"2023-11-03T23:39:21","date_gmt":"2023-11-03T22:39:21","guid":{"rendered":"http:\/\/innocentiemangonipiante.it\/bambusa-phyllostachys-aurea\/"},"modified":"2023-11-06T17:30:29","modified_gmt":"2023-11-06T16:30:29","slug":"bambusa-phyllostachys-aurea","status":"publish","type":"product","link":"https:\/\/innocentiemangonipiante.it\/de\/bambusa-phyllostachys-aurea\/","title":{"rendered":"BAMBUSA Phyllostachys aurea"},"content":{"rendered":"<p>Mittelgro\u00dfer Wuchs. Die Bl\u00e4tter sind schmal und lanzettf\u00f6rmig, von gr\u00fcn bis hellgr\u00fcn, fast gelb, ca. 15 cm lang. Die St\u00e4mme sind aufrecht, ausgekehlt. Im unteren Teil haben sie einige Schwellungen, unter jedem Knoten. Die untersten Knoten sind asymmetrisch, oft schief und sehr nah bei einander.<\/p>\n","protected":false},"excerpt":{"rendered":"<p>Mittelgro\u00dfer Wuchs. Die Bl\u00e4tter sind schmal und lanzettf\u00f6rmig, von gr\u00fcn bis hellgr\u00fcn, fast gelb, ca. 15 cm lang. Die St\u00e4mme sind aufrecht, ausgekehlt. Im unteren Teil haben sie einige Schwellungen, unter jedem Knoten. Die untersten Knoten sind asymmetrisch, oft schief und sehr nah bei einander.<\/p>\n","protected":false},"featured_media":20691,"template":"","meta":{"_acf_changed":false},"product_brand":[],"product_cat":[8821],"product_tag":[10898,8487],"class_list":{"0":"post-14731","1":"product","2":"type-product","3":"status-publish","4":"has-post-thumbnail","6":"product_cat-wuchs","7":"product_tag-naturlichen","8":"product_tag-kasten","9":"pa_altezza-massima-800-de","10":"pa_altezza-massima-12-meter","11":"pa_condizionamento-clt-de","12":"pa_famiglia-graminaceae-de","13":"pa_genere-bambusa-de","14":"pa_origine-ostasien","15":"pa_portamento-saulenformig","16":"pa_resistenza-climatica-sehr-hoch","17":"pa_resistenza-del-suolo-bestandigkeit-auf-feuchten-boden","18":"pa_utilizzo-hecken","19":"pa_utilizzo-kleine-gaerten","20":"pa_utilizzo-parks-de","22":"first","23":"instock","24":"purchasable","25":"product-type-simple"},"acf":[],"_links":{"self":[{"href":"https:\/\/innocentiemangonipiante.it\/de\/wp-json\/wp\/v2\/product\/14731","targetHints":{"allow":["GET"]}}],"collection":[{"href":"https:\/\/innocentiemangonipiante.it\/de\/wp-json\/wp\/v2\/product"}],"about":[{"href":"https:\/\/innocentiemangonipiante.it\/de\/wp-json\/wp\/v2\/types\/product"}],"wp:featuredmedia":[{"embeddable":true,"href":"https:\/\/innocentiemangonipiante.it\/de\/wp-json\/wp\/v2\/media\/20691"}],"wp:attachment":[{"href":"https:\/\/innocentiemangonipiante.it\/de\/wp-json\/wp\/v2\/media?parent=14731"}],"wp:term":[{"taxonomy":"product_brand","embeddable":true,"href":"https:\/\/innocentiemangonipiante.it\/de\/wp-json\/wp\/v2\/product_brand?post=14731"},{"taxonomy":"product_cat","embeddable":true,"href":"https:\/\/innocentiemangonipiante.it\/de\/wp-json\/wp\/v2\/product_cat?post=14731"},{"taxonomy":"product_tag","embeddable":true,"href":"https:\/\/innocentiemangonipiante.it\/de\/wp-json\/wp\/v2\/product_tag?post=14731"}],"curies":[{"name":"wp","href":"https:\/\/api.w.org\/{rel}","templated":true}]}}