{"id":14732,"date":"2023-11-03T23:39:38","date_gmt":"2023-11-03T22:39:38","guid":{"rendered":"http:\/\/innocentiemangonipiante.it\/bambusa-phyllostachys-aureosulcata-spectabilis\/"},"modified":"2023-11-06T17:30:44","modified_gmt":"2023-11-06T16:30:44","slug":"bambusa-phyllostachys-aureosulcata-spectabilis","status":"publish","type":"product","link":"https:\/\/innocentiemangonipiante.it\/de\/bambusa-phyllostachys-aureosulcata-spectabilis\/","title":{"rendered":"BAMBUSA Phyllostachys aureosulcata &#8218;Spectabilis&#8216;"},"content":{"rendered":"<p>Mittelgro\u00dfe Entwicklung. Die goldgelbe Farbe der St\u00e4mme wird von unregelm\u00e4\u00dfigen wechselst\u00e4ndigen gr\u00fcnen Streifen unterbrochen. Die jungen R\u00f6hren k\u00f6nnen im Fr\u00fchjahr wundersch\u00f6ne rote und bei sonniger Lage purpurrote F\u00e4rbungen annehmen. Besonders frostbest\u00e4ndig (-25\u00b0 C).<\/p>\n","protected":false},"excerpt":{"rendered":"<p>Mittelgro\u00dfe Entwicklung. Die goldgelbe Farbe der St\u00e4mme wird von unregelm\u00e4\u00dfigen wechselst\u00e4ndigen gr\u00fcnen Streifen unterbrochen. Die jungen R\u00f6hren k\u00f6nnen im Fr\u00fchjahr wundersch\u00f6ne rote und bei sonniger Lage purpurrote F\u00e4rbungen annehmen. Besonders frostbest\u00e4ndig (-25\u00b0 C).<\/p>\n","protected":false},"featured_media":925,"template":"","meta":{"_acf_changed":false},"product_brand":[],"product_cat":[8821],"product_tag":[10898,8498],"class_list":{"0":"post-14732","1":"product","2":"type-product","3":"status-publish","4":"has-post-thumbnail","6":"product_cat-wuchs","7":"product_tag-naturlichen","8":"product_tag-mehrstammig-mit-schirmformiger-krone","9":"pa_altezza-massima-500-de","10":"pa_altezza-massima-800-de","11":"pa_condizionamento-clt-de","12":"pa_condizionamento-schale","13":"pa_famiglia-graminaceae-de","14":"pa_genere-bambusa-de","15":"pa_origine-ostasien","16":"pa_portamento-saulenformig","17":"pa_resistenza-climatica-sehr-hoch","18":"pa_resistenza-del-suolo-bestandigkeit-auf-feuchten-boden","19":"pa_utilizzo-hecken","20":"pa_utilizzo-kleine-gaerten","21":"pa_utilizzo-parks-de","23":"first","24":"instock","25":"purchasable","26":"product-type-simple"},"acf":[],"_links":{"self":[{"href":"https:\/\/innocentiemangonipiante.it\/de\/wp-json\/wp\/v2\/product\/14732","targetHints":{"allow":["GET"]}}],"collection":[{"href":"https:\/\/innocentiemangonipiante.it\/de\/wp-json\/wp\/v2\/product"}],"about":[{"href":"https:\/\/innocentiemangonipiante.it\/de\/wp-json\/wp\/v2\/types\/product"}],"wp:featuredmedia":[{"embeddable":true,"href":"https:\/\/innocentiemangonipiante.it\/de\/wp-json\/wp\/v2\/media\/925"}],"wp:attachment":[{"href":"https:\/\/innocentiemangonipiante.it\/de\/wp-json\/wp\/v2\/media?parent=14732"}],"wp:term":[{"taxonomy":"product_brand","embeddable":true,"href":"https:\/\/innocentiemangonipiante.it\/de\/wp-json\/wp\/v2\/product_brand?post=14732"},{"taxonomy":"product_cat","embeddable":true,"href":"https:\/\/innocentiemangonipiante.it\/de\/wp-json\/wp\/v2\/product_cat?post=14732"},{"taxonomy":"product_tag","embeddable":true,"href":"https:\/\/innocentiemangonipiante.it\/de\/wp-json\/wp\/v2\/product_tag?post=14732"}],"curies":[{"name":"wp","href":"https:\/\/api.w.org\/{rel}","templated":true}]}}