{"id":14733,"date":"2023-11-03T23:39:28","date_gmt":"2023-11-03T22:39:28","guid":{"rendered":"http:\/\/innocentiemangonipiante.it\/bambusa-phyllostachys-aureosulcata-aureocaulis\/"},"modified":"2023-11-06T17:30:34","modified_gmt":"2023-11-06T16:30:34","slug":"bambusa-phyllostachys-aureosulcata-aureocaulis","status":"publish","type":"product","link":"https:\/\/innocentiemangonipiante.it\/de\/bambusa-phyllostachys-aureosulcata-aureocaulis\/","title":{"rendered":"BAMBUSA Phyllostachys aureosulcata &#8218;Aureocaulis&#8216;"},"content":{"rendered":"<p>Mittlere Entwicklung. Die gr\u00fcnen Bl\u00e4tter sind schmal und ca 13-15 cm lang. Die St\u00e4mme sind schwe-felgelb, manchmal mit gr\u00fcnen Streifen am Fu\u00df.<\/p>\n","protected":false},"excerpt":{"rendered":"<p>Mittlere Entwicklung. Die gr\u00fcnen Bl\u00e4tter sind schmal und ca 13-15 cm lang. Die St\u00e4mme sind schwe-felgelb, manchmal mit gr\u00fcnen Streifen am Fu\u00df.<\/p>\n","protected":false},"featured_media":919,"template":"","meta":{"_acf_changed":false},"product_brand":[],"product_cat":[8821],"product_tag":[10898,8498],"class_list":{"0":"post-14733","1":"product","2":"type-product","3":"status-publish","4":"has-post-thumbnail","6":"product_cat-wuchs","7":"product_tag-naturlichen","8":"product_tag-mehrstammig-mit-schirmformiger-krone","9":"pa_altezza-massima-500-de","10":"pa_altezza-massima-800-de","11":"pa_condizionamento-clt-de","12":"pa_condizionamento-schale","13":"pa_famiglia-graminaceae-de","14":"pa_genere-bambusa-de","15":"pa_origine-ostasien","16":"pa_portamento-saulenformig","17":"pa_resistenza-climatica-sehr-hoch","18":"pa_resistenza-del-suolo-bestandigkeit-auf-feuchten-boden","19":"pa_utilizzo-hecken","20":"pa_utilizzo-parks-de","22":"first","23":"instock","24":"purchasable","25":"product-type-simple"},"acf":[],"_links":{"self":[{"href":"https:\/\/innocentiemangonipiante.it\/de\/wp-json\/wp\/v2\/product\/14733","targetHints":{"allow":["GET"]}}],"collection":[{"href":"https:\/\/innocentiemangonipiante.it\/de\/wp-json\/wp\/v2\/product"}],"about":[{"href":"https:\/\/innocentiemangonipiante.it\/de\/wp-json\/wp\/v2\/types\/product"}],"wp:featuredmedia":[{"embeddable":true,"href":"https:\/\/innocentiemangonipiante.it\/de\/wp-json\/wp\/v2\/media\/919"}],"wp:attachment":[{"href":"https:\/\/innocentiemangonipiante.it\/de\/wp-json\/wp\/v2\/media?parent=14733"}],"wp:term":[{"taxonomy":"product_brand","embeddable":true,"href":"https:\/\/innocentiemangonipiante.it\/de\/wp-json\/wp\/v2\/product_brand?post=14733"},{"taxonomy":"product_cat","embeddable":true,"href":"https:\/\/innocentiemangonipiante.it\/de\/wp-json\/wp\/v2\/product_cat?post=14733"},{"taxonomy":"product_tag","embeddable":true,"href":"https:\/\/innocentiemangonipiante.it\/de\/wp-json\/wp\/v2\/product_tag?post=14733"}],"curies":[{"name":"wp","href":"https:\/\/api.w.org\/{rel}","templated":true}]}}