{"id":14736,"date":"2023-11-03T23:38:49","date_gmt":"2023-11-03T22:38:49","guid":{"rendered":"http:\/\/innocentiemangonipiante.it\/bambusa-fargesia-robusta-pingwu\/"},"modified":"2023-11-06T17:30:13","modified_gmt":"2023-11-06T16:30:13","slug":"bambusa-fargesia-robusta-pingwu","status":"publish","type":"product","link":"https:\/\/innocentiemangonipiante.it\/de\/bambusa-fargesia-robusta-pingwu\/","title":{"rendered":"BAMBUSA fargesia robusta &#8218;Pingwu&#8216;"},"content":{"rendered":"<p>Dieser Bambus hat einen aufrechten Wuchs. Die Halme sind gr\u00fcn und das Laub ist hellgr\u00fcn. Diese Fargesia kann als Hecke gepflanzt werden, ist es sehr geeignet f\u00fcr kleine G\u00e4rten.<\/p>\n","protected":false},"excerpt":{"rendered":"<p>Dieser Bambus hat einen aufrechten Wuchs. Die Halme sind gr\u00fcn und das Laub ist hellgr\u00fcn. Diese Fargesia kann als Hecke gepflanzt werden, ist es sehr geeignet f\u00fcr kleine G\u00e4rten.<\/p>\n","protected":false},"featured_media":894,"template":"","meta":{"_acf_changed":false},"product_brand":[],"product_cat":[8821],"product_tag":[10898],"class_list":{"0":"post-14736","1":"product","2":"type-product","3":"status-publish","4":"has-post-thumbnail","6":"product_cat-wuchs","7":"product_tag-naturlichen","8":"pa_altezza-massima-200-de","9":"pa_altezza-massima-300-de","10":"pa_famiglia-graminaceae-de","11":"pa_genere-bambusa-de","12":"pa_origine-china-de","13":"pa_portamento-saulenformig","14":"pa_resistenza-climatica-sehr-hoch","15":"pa_utilizzo-hecken","16":"pa_utilizzo-kleine-gaerten","17":"pa_utilizzo-parks-de","19":"first","20":"instock","21":"purchasable","22":"product-type-simple"},"acf":[],"_links":{"self":[{"href":"https:\/\/innocentiemangonipiante.it\/de\/wp-json\/wp\/v2\/product\/14736","targetHints":{"allow":["GET"]}}],"collection":[{"href":"https:\/\/innocentiemangonipiante.it\/de\/wp-json\/wp\/v2\/product"}],"about":[{"href":"https:\/\/innocentiemangonipiante.it\/de\/wp-json\/wp\/v2\/types\/product"}],"wp:featuredmedia":[{"embeddable":true,"href":"https:\/\/innocentiemangonipiante.it\/de\/wp-json\/wp\/v2\/media\/894"}],"wp:attachment":[{"href":"https:\/\/innocentiemangonipiante.it\/de\/wp-json\/wp\/v2\/media?parent=14736"}],"wp:term":[{"taxonomy":"product_brand","embeddable":true,"href":"https:\/\/innocentiemangonipiante.it\/de\/wp-json\/wp\/v2\/product_brand?post=14736"},{"taxonomy":"product_cat","embeddable":true,"href":"https:\/\/innocentiemangonipiante.it\/de\/wp-json\/wp\/v2\/product_cat?post=14736"},{"taxonomy":"product_tag","embeddable":true,"href":"https:\/\/innocentiemangonipiante.it\/de\/wp-json\/wp\/v2\/product_tag?post=14736"}],"curies":[{"name":"wp","href":"https:\/\/api.w.org\/{rel}","templated":true}]}}