{"id":14739,"date":"2023-11-03T23:38:04","date_gmt":"2023-11-03T22:38:04","guid":{"rendered":"http:\/\/innocentiemangonipiante.it\/bambusa-fargesia-nitida-jiuzhaigou\/"},"modified":"2023-11-06T17:29:53","modified_gmt":"2023-11-06T16:29:53","slug":"bambusa-fargesia-nitida-jiuzhaigou","status":"publish","type":"product","link":"https:\/\/innocentiemangonipiante.it\/de\/bambusa-fargesia-nitida-jiuzhaigou\/","title":{"rendered":"BAMBUSA fargesia nitida &#8218;Jiuzhaigou&#8216;"},"content":{"rendered":"<p>Evergreen, die charakteristisch f\u00fcr den jungen Bambus ist die gr\u00fcne Farbe, die abwechselnd zu br\u00e4unlich-violette Farbe.<\/p>\n","protected":false},"excerpt":{"rendered":"<p>Evergreen, die charakteristisch f\u00fcr den jungen Bambus ist die gr\u00fcne Farbe, die abwechselnd zu br\u00e4unlich-violette Farbe.<\/p>\n","protected":false},"featured_media":881,"template":"","meta":{"_acf_changed":false},"product_brand":[],"product_cat":[8821],"product_tag":[10898],"class_list":{"0":"post-14739","1":"product","2":"type-product","3":"status-publish","4":"has-post-thumbnail","6":"product_cat-wuchs","7":"product_tag-naturlichen","8":"pa_altezza-massima-300-de","9":"pa_altezza-massima-400-de","10":"pa_famiglia-graminaceae-de","11":"pa_genere-bambusa-de","12":"pa_origine-nordeuropa-de-2","13":"pa_portamento-saulenformig","14":"pa_resistenza-climatica-sehr-hoch","15":"pa_resistenza-del-suolo-bestandigkeit-auf-feuchten-boden","16":"pa_utilizzo-balkone","17":"pa_utilizzo-kleine-gaerten","18":"pa_utilizzo-parks-de","20":"first","21":"instock","22":"purchasable","23":"product-type-simple"},"acf":[],"_links":{"self":[{"href":"https:\/\/innocentiemangonipiante.it\/de\/wp-json\/wp\/v2\/product\/14739","targetHints":{"allow":["GET"]}}],"collection":[{"href":"https:\/\/innocentiemangonipiante.it\/de\/wp-json\/wp\/v2\/product"}],"about":[{"href":"https:\/\/innocentiemangonipiante.it\/de\/wp-json\/wp\/v2\/types\/product"}],"wp:featuredmedia":[{"embeddable":true,"href":"https:\/\/innocentiemangonipiante.it\/de\/wp-json\/wp\/v2\/media\/881"}],"wp:attachment":[{"href":"https:\/\/innocentiemangonipiante.it\/de\/wp-json\/wp\/v2\/media?parent=14739"}],"wp:term":[{"taxonomy":"product_brand","embeddable":true,"href":"https:\/\/innocentiemangonipiante.it\/de\/wp-json\/wp\/v2\/product_brand?post=14739"},{"taxonomy":"product_cat","embeddable":true,"href":"https:\/\/innocentiemangonipiante.it\/de\/wp-json\/wp\/v2\/product_cat?post=14739"},{"taxonomy":"product_tag","embeddable":true,"href":"https:\/\/innocentiemangonipiante.it\/de\/wp-json\/wp\/v2\/product_tag?post=14739"}],"curies":[{"name":"wp","href":"https:\/\/api.w.org\/{rel}","templated":true}]}}