{"id":14741,"date":"2023-11-03T23:39:15","date_gmt":"2023-11-03T22:39:15","guid":{"rendered":"http:\/\/innocentiemangonipiante.it\/bambusa-fargesia-scabrida-asian-wonder\/"},"modified":"2023-11-06T17:30:26","modified_gmt":"2023-11-06T16:30:26","slug":"bambusa-fargesia-scabrida-asian-wonder","status":"publish","type":"product","link":"https:\/\/innocentiemangonipiante.it\/de\/bambusa-fargesia-scabrida-asian-wonder\/","title":{"rendered":"BAMBUSA fargesia scabrida &#8218;Asian Wonder&#8216;"},"content":{"rendered":"<p>Nicht invasiv. Sehr schmale Bl\u00e4tter. Lila Streifen. Die Bl\u00e4tter sind ein sehr dunkles Gr\u00fcn. Ideal auch im Topf und sogar geeignet f\u00fcr Hecken. Sehr rustikale Bambus.<\/p>\n","protected":false},"excerpt":{"rendered":"<p>Nicht invasiv. Sehr schmale Bl\u00e4tter. Lila Streifen. Die Bl\u00e4tter sind ein sehr dunkles Gr\u00fcn. Ideal auch im Topf und sogar geeignet f\u00fcr Hecken. Sehr rustikale Bambus.<\/p>\n","protected":false},"featured_media":912,"template":"","meta":{"_acf_changed":false},"product_brand":[],"product_cat":[8821],"product_tag":[10898],"class_list":{"0":"post-14741","1":"product","2":"type-product","3":"status-publish","4":"has-post-thumbnail","6":"product_cat-wuchs","7":"product_tag-naturlichen","8":"pa_altezza-massima-200-de","9":"pa_altezza-massima-300-de","10":"pa_condizionamento-clt-de","11":"pa_famiglia-graminaceae-de","12":"pa_genere-bambusa-de","13":"pa_origine-china-de","14":"pa_portamento-saulenformig","15":"pa_resistenza-climatica-sehr-hoch","16":"pa_utilizzo-balkone","17":"pa_utilizzo-hecken","18":"pa_utilizzo-kleine-gaerten","20":"first","21":"instock","22":"purchasable","23":"product-type-simple"},"acf":[],"_links":{"self":[{"href":"https:\/\/innocentiemangonipiante.it\/de\/wp-json\/wp\/v2\/product\/14741","targetHints":{"allow":["GET"]}}],"collection":[{"href":"https:\/\/innocentiemangonipiante.it\/de\/wp-json\/wp\/v2\/product"}],"about":[{"href":"https:\/\/innocentiemangonipiante.it\/de\/wp-json\/wp\/v2\/types\/product"}],"wp:featuredmedia":[{"embeddable":true,"href":"https:\/\/innocentiemangonipiante.it\/de\/wp-json\/wp\/v2\/media\/912"}],"wp:attachment":[{"href":"https:\/\/innocentiemangonipiante.it\/de\/wp-json\/wp\/v2\/media?parent=14741"}],"wp:term":[{"taxonomy":"product_brand","embeddable":true,"href":"https:\/\/innocentiemangonipiante.it\/de\/wp-json\/wp\/v2\/product_brand?post=14741"},{"taxonomy":"product_cat","embeddable":true,"href":"https:\/\/innocentiemangonipiante.it\/de\/wp-json\/wp\/v2\/product_cat?post=14741"},{"taxonomy":"product_tag","embeddable":true,"href":"https:\/\/innocentiemangonipiante.it\/de\/wp-json\/wp\/v2\/product_tag?post=14741"}],"curies":[{"name":"wp","href":"https:\/\/api.w.org\/{rel}","templated":true}]}}