{"id":14742,"date":"2023-11-03T23:37:10","date_gmt":"2023-11-03T22:37:10","guid":{"rendered":"http:\/\/innocentiemangonipiante.it\/bambusa-fargesia-angustissima\/"},"modified":"2023-11-06T17:29:02","modified_gmt":"2023-11-06T16:29:02","slug":"bambusa-fargesia-angustissima","status":"publish","type":"product","link":"https:\/\/innocentiemangonipiante.it\/de\/bambusa-fargesia-angustissima\/","title":{"rendered":"BAMBUSA fargesia angustissima"},"content":{"rendered":"<p>Anders als viele andere Bambus, fargesia angustissima ist nicht aufdringlich. Dies ist die fargesia die h\u00f6chste aller wird, sehr kompakt und mit schmalen Bl\u00e4ttern. Es ist f\u00fcr den Windschutz zu empfehlen.<\/p>\n","protected":false},"excerpt":{"rendered":"<p>Anders als viele andere Bambus, fargesia angustissima ist nicht aufdringlich. Dies ist die fargesia die h\u00f6chste aller wird, sehr kompakt und mit schmalen Bl\u00e4ttern. Es ist f\u00fcr den Windschutz zu empfehlen.<\/p>\n","protected":false},"featured_media":856,"template":"","meta":{"_acf_changed":false},"product_brand":[],"product_cat":[8821],"product_tag":[10898,8487],"class_list":{"0":"post-14742","1":"product","2":"type-product","3":"status-publish","4":"has-post-thumbnail","6":"product_cat-wuchs","7":"product_tag-naturlichen","8":"product_tag-kasten","9":"pa_altezza-massima-150-de","10":"pa_altezza-massima-200-de","11":"pa_condizionamento-clt-de","12":"pa_famiglia-poaceae-de","13":"pa_genere-bambusa-de","14":"pa_origine-china-de","15":"pa_portamento-saulenformig","16":"pa_resistenza-climatica-sehr-hoch","17":"pa_utilizzo-hecken","18":"pa_utilizzo-kleine-gaerten","19":"pa_utilizzo-parks-de","21":"first","22":"instock","23":"purchasable","24":"product-type-simple"},"acf":[],"_links":{"self":[{"href":"https:\/\/innocentiemangonipiante.it\/de\/wp-json\/wp\/v2\/product\/14742","targetHints":{"allow":["GET"]}}],"collection":[{"href":"https:\/\/innocentiemangonipiante.it\/de\/wp-json\/wp\/v2\/product"}],"about":[{"href":"https:\/\/innocentiemangonipiante.it\/de\/wp-json\/wp\/v2\/types\/product"}],"wp:featuredmedia":[{"embeddable":true,"href":"https:\/\/innocentiemangonipiante.it\/de\/wp-json\/wp\/v2\/media\/856"}],"wp:attachment":[{"href":"https:\/\/innocentiemangonipiante.it\/de\/wp-json\/wp\/v2\/media?parent=14742"}],"wp:term":[{"taxonomy":"product_brand","embeddable":true,"href":"https:\/\/innocentiemangonipiante.it\/de\/wp-json\/wp\/v2\/product_brand?post=14742"},{"taxonomy":"product_cat","embeddable":true,"href":"https:\/\/innocentiemangonipiante.it\/de\/wp-json\/wp\/v2\/product_cat?post=14742"},{"taxonomy":"product_tag","embeddable":true,"href":"https:\/\/innocentiemangonipiante.it\/de\/wp-json\/wp\/v2\/product_tag?post=14742"}],"curies":[{"name":"wp","href":"https:\/\/api.w.org\/{rel}","templated":true}]}}