{"id":14749,"date":"2023-11-03T23:41:22","date_gmt":"2023-11-03T22:41:22","guid":{"rendered":"http:\/\/innocentiemangonipiante.it\/berberis-thunbergii-admiration\/"},"modified":"2023-11-06T17:32:07","modified_gmt":"2023-11-06T16:32:07","slug":"berberis-thunbergii-admiration","status":"publish","type":"product","link":"https:\/\/innocentiemangonipiante.it\/de\/berberis-thunbergii-admiration\/","title":{"rendered":"BERBERIS thunbergii &#8218;Admiration&#8216; \u00ae"},"content":{"rendered":"<p>Kleiner sommergr\u00fcner Strauch mit leuchtendroten, fein gelb-ger\u00e4nderten Bl\u00e4ttern. Im Fr\u00fchjahr blass-gelbe Bl\u00fcte, gefolgt von roten Beeren im Herbst.<\/p>\n","protected":false},"excerpt":{"rendered":"<p>Kleiner sommergr\u00fcner Strauch mit leuchtendroten, fein gelb-ger\u00e4nderten Bl\u00e4ttern. Im Fr\u00fchjahr blass-gelbe Bl\u00fcte, gefolgt von roten Beeren im Herbst.<\/p>\n","protected":false},"featured_media":998,"template":"","meta":{"_acf_changed":false},"product_brand":[],"product_cat":[8816],"product_tag":[10898],"class_list":{"0":"post-14749","1":"product","2":"type-product","3":"status-publish","4":"has-post-thumbnail","6":"product_cat-hartnaeckige-baeume-und-straeucher","7":"product_tag-naturlichen","8":"pa_altezza-massima-0_50-meter","9":"pa_altezza-massima-0_75-meter","10":"pa_colore-delle-foglie-vielfaeltigen","11":"pa_colore-fioritura-gelbe","12":"pa_condizionamento-clt-de","13":"pa_famiglia-berberidaceae-de","14":"pa_genere-berberis-de","15":"pa_inquinamento-bestaendigkeit-gegen-smog","16":"pa_origine-u-s-a","17":"pa_periodo-fioritura-april-de","18":"pa_periodo-fioritura-mai-de","19":"pa_periodo-fioritura-maerz","20":"pa_periodo-fruttificazione-november-de","21":"pa_periodo-fruttificazione-oktober","22":"pa_portamento-arrotondato-de","23":"pa_resistenza-climatica-sehr-hoch","24":"pa_resistenza-del-suolo-bestandig-gegen-kalkhaltige-boden","25":"pa_resistenza-del-suolo-bestandig-gegen-trockene-boden","26":"pa_utilizzo-balkone","27":"pa_utilizzo-kleine-gaerten","29":"first","30":"instock","31":"purchasable","32":"product-type-simple"},"acf":[],"_links":{"self":[{"href":"https:\/\/innocentiemangonipiante.it\/de\/wp-json\/wp\/v2\/product\/14749","targetHints":{"allow":["GET"]}}],"collection":[{"href":"https:\/\/innocentiemangonipiante.it\/de\/wp-json\/wp\/v2\/product"}],"about":[{"href":"https:\/\/innocentiemangonipiante.it\/de\/wp-json\/wp\/v2\/types\/product"}],"wp:featuredmedia":[{"embeddable":true,"href":"https:\/\/innocentiemangonipiante.it\/de\/wp-json\/wp\/v2\/media\/998"}],"wp:attachment":[{"href":"https:\/\/innocentiemangonipiante.it\/de\/wp-json\/wp\/v2\/media?parent=14749"}],"wp:term":[{"taxonomy":"product_brand","embeddable":true,"href":"https:\/\/innocentiemangonipiante.it\/de\/wp-json\/wp\/v2\/product_brand?post=14749"},{"taxonomy":"product_cat","embeddable":true,"href":"https:\/\/innocentiemangonipiante.it\/de\/wp-json\/wp\/v2\/product_cat?post=14749"},{"taxonomy":"product_tag","embeddable":true,"href":"https:\/\/innocentiemangonipiante.it\/de\/wp-json\/wp\/v2\/product_tag?post=14749"}],"curies":[{"name":"wp","href":"https:\/\/api.w.org\/{rel}","templated":true}]}}