{"id":14750,"date":"2023-11-03T23:42:55","date_gmt":"2023-11-03T22:42:55","guid":{"rendered":"http:\/\/innocentiemangonipiante.it\/berberis-x-ottawensis-superba\/"},"modified":"2023-11-06T17:32:45","modified_gmt":"2023-11-06T16:32:45","slug":"berberis-x-ottawensis-superba","status":"publish","type":"product","link":"https:\/\/innocentiemangonipiante.it\/de\/berberis-x-ottawensis-superba\/","title":{"rendered":"BERBERIS x ottawensis &#8218;Superba&#8216;"},"content":{"rendered":"<p>Sommergr\u00fcner, rundlicher, sehr kr\u00e4ftiger Strauch. Die l\u00e4nglichen Bl\u00e4tter sind purpurrot und werden kremewei\u00df im Herbst.<\/p>\n","protected":false},"excerpt":{"rendered":"<p>Sommergr\u00fcner, rundlicher, sehr kr\u00e4ftiger Strauch. Die l\u00e4nglichen Bl\u00e4tter sind purpurrot und werden kremewei\u00df im Herbst.<\/p>\n","protected":false},"featured_media":1035,"template":"","meta":{"_acf_changed":false},"product_brand":[],"product_cat":[8816],"product_tag":[10898],"class_list":{"0":"post-14750","1":"product","2":"type-product","3":"status-publish","4":"has-post-thumbnail","6":"product_cat-hartnaeckige-baeume-und-straeucher","7":"product_tag-naturlichen","8":"pa_altezza-massima-200-de","9":"pa_altezza-massima-300-de","10":"pa_colore-delle-foglie-roten","11":"pa_colore-fioritura-gelbe","12":"pa_condizionamento-clt-de","13":"pa_famiglia-berberidaceae-de","14":"pa_genere-berberis-de","15":"pa_inquinamento-bestaendigkeit-gegen-smog","16":"pa_origine-sudamerika","17":"pa_periodo-fioritura-april-de","18":"pa_periodo-fioritura-juni","19":"pa_periodo-fioritura-mai-de","20":"pa_portamento-arrotondato-de","21":"pa_resistenza-climatica-sehr-hoch","22":"pa_resistenza-del-suolo-bestandig-gegen-kalkhaltige-boden","23":"pa_resistenza-del-suolo-bestandig-gegen-trockene-boden","24":"pa_utilizzo-kleine-gaerten","26":"first","27":"instock","28":"purchasable","29":"product-type-simple"},"acf":[],"_links":{"self":[{"href":"https:\/\/innocentiemangonipiante.it\/de\/wp-json\/wp\/v2\/product\/14750","targetHints":{"allow":["GET"]}}],"collection":[{"href":"https:\/\/innocentiemangonipiante.it\/de\/wp-json\/wp\/v2\/product"}],"about":[{"href":"https:\/\/innocentiemangonipiante.it\/de\/wp-json\/wp\/v2\/types\/product"}],"wp:featuredmedia":[{"embeddable":true,"href":"https:\/\/innocentiemangonipiante.it\/de\/wp-json\/wp\/v2\/media\/1035"}],"wp:attachment":[{"href":"https:\/\/innocentiemangonipiante.it\/de\/wp-json\/wp\/v2\/media?parent=14750"}],"wp:term":[{"taxonomy":"product_brand","embeddable":true,"href":"https:\/\/innocentiemangonipiante.it\/de\/wp-json\/wp\/v2\/product_brand?post=14750"},{"taxonomy":"product_cat","embeddable":true,"href":"https:\/\/innocentiemangonipiante.it\/de\/wp-json\/wp\/v2\/product_cat?post=14750"},{"taxonomy":"product_tag","embeddable":true,"href":"https:\/\/innocentiemangonipiante.it\/de\/wp-json\/wp\/v2\/product_tag?post=14750"}],"curies":[{"name":"wp","href":"https:\/\/api.w.org\/{rel}","templated":true}]}}