{"id":14751,"date":"2023-11-03T23:44:04","date_gmt":"2023-11-03T22:44:04","guid":{"rendered":"http:\/\/innocentiemangonipiante.it\/betula-pendula\/"},"modified":"2023-11-06T17:33:46","modified_gmt":"2023-11-06T16:33:46","slug":"betula-pendula","status":"publish","type":"product","link":"https:\/\/innocentiemangonipiante.it\/de\/betula-pendula\/","title":{"rendered":"BETULA pendula"},"content":{"rendered":"<p>Sommergr\u00fcner mittelgro\u00dfer Baum. Die Hauptzweigen haben einen aufrechten Wuchs und die j\u00fcngeren Triebe neigen dazu herunterzuh\u00e4ngen. Gesch\u00e4tzt f\u00fcr seine dekorative Rinde. Es eignet sich sowohl als Alleebaum wie auch Solit\u00e4rst\u00fcck.<\/p>\n","protected":false},"excerpt":{"rendered":"<p>Sommergr\u00fcner mittelgro\u00dfer Baum. Die Hauptzweigen haben einen aufrechten Wuchs und die j\u00fcngeren Triebe neigen dazu herunterzuh\u00e4ngen. Gesch\u00e4tzt f\u00fcr seine dekorative Rinde. Es eignet sich sowohl als Alleebaum wie auch Solit\u00e4rst\u00fcck.<\/p>\n","protected":false},"featured_media":1073,"template":"","meta":{"_acf_changed":false},"product_brand":[],"product_cat":[8813],"product_tag":[10898],"class_list":{"0":"post-14751","1":"product","2":"type-product","3":"status-publish","4":"has-post-thumbnail","6":"product_cat-laubbaume-und-straucher","7":"product_tag-naturlichen","8":"pa_altezza-massima-300-de","9":"pa_altezza-massima-400-de","10":"pa_famiglia-betulaceae-de","11":"pa_genere-betula-de","12":"pa_inquinamento-bestaendigkeit-gegen-smog","13":"pa_origine-nahen-osten","14":"pa_portamento-arrotondato-de","15":"pa_resistenza-climatica-mittel-hoch","16":"pa_resistenza-del-suolo-bestandig-gegen-kalkhaltige-boden","17":"pa_resistenza-del-suolo-bestandig-gegen-trockene-boden","18":"pa_utilizzo-kleine-gaerten","19":"pa_utilizzo-parks-de","21":"first","22":"instock","23":"purchasable","24":"product-type-simple"},"acf":[],"_links":{"self":[{"href":"https:\/\/innocentiemangonipiante.it\/de\/wp-json\/wp\/v2\/product\/14751","targetHints":{"allow":["GET"]}}],"collection":[{"href":"https:\/\/innocentiemangonipiante.it\/de\/wp-json\/wp\/v2\/product"}],"about":[{"href":"https:\/\/innocentiemangonipiante.it\/de\/wp-json\/wp\/v2\/types\/product"}],"wp:featuredmedia":[{"embeddable":true,"href":"https:\/\/innocentiemangonipiante.it\/de\/wp-json\/wp\/v2\/media\/1073"}],"wp:attachment":[{"href":"https:\/\/innocentiemangonipiante.it\/de\/wp-json\/wp\/v2\/media?parent=14751"}],"wp:term":[{"taxonomy":"product_brand","embeddable":true,"href":"https:\/\/innocentiemangonipiante.it\/de\/wp-json\/wp\/v2\/product_brand?post=14751"},{"taxonomy":"product_cat","embeddable":true,"href":"https:\/\/innocentiemangonipiante.it\/de\/wp-json\/wp\/v2\/product_cat?post=14751"},{"taxonomy":"product_tag","embeddable":true,"href":"https:\/\/innocentiemangonipiante.it\/de\/wp-json\/wp\/v2\/product_tag?post=14751"}],"curies":[{"name":"wp","href":"https:\/\/api.w.org\/{rel}","templated":true}]}}