{"id":14753,"date":"2023-11-03T23:44:34","date_gmt":"2023-11-03T22:44:34","guid":{"rendered":"http:\/\/innocentiemangonipiante.it\/betula-pendula-youngii\/"},"modified":"2023-11-06T17:34:00","modified_gmt":"2023-11-06T16:34:00","slug":"betula-pendula-youngii","status":"publish","type":"product","link":"https:\/\/innocentiemangonipiante.it\/de\/betula-pendula-youngii\/","title":{"rendered":"BETULA pendula &#8218;Youngii&#8216;"},"content":{"rendered":"<p>\u201cTrauerbirke\u201d. Kleiner sommergr\u00fcner Baum mit nach unten h\u00e4ngendem Laubwerk. Mit dem Alter nimmt die Krone eine kuppelartige Form an. Die gr\u00fcnen Bl\u00e4tter sind dreieckig und f\u00e4rben sich gelb im Herbst.<\/p>\n","protected":false},"excerpt":{"rendered":"<p>\u201cTrauerbirke\u201d. Kleiner sommergr\u00fcner Baum mit nach unten h\u00e4ngendem Laubwerk. Mit dem Alter nimmt die Krone eine kuppelartige Form an. Die gr\u00fcnen Bl\u00e4tter sind dreieckig und f\u00e4rben sich gelb im Herbst.<\/p>\n","protected":false},"featured_media":1085,"template":"","meta":{"_acf_changed":false},"product_brand":[],"product_cat":[8813],"product_tag":[10898,8565,8401],"class_list":{"0":"post-14753","1":"product","2":"type-product","3":"status-publish","4":"has-post-thumbnail","6":"product_cat-laubbaume-und-straucher","7":"product_tag-naturlichen","8":"product_tag-halbstamm","9":"product_tag-hochstamm","10":"pa_altezza-massima-500-de","11":"pa_altezza-massima-800-de","12":"pa_condizionamento-clt-de","13":"pa_condizionamento-m-de","14":"pa_famiglia-betulaceae-de","15":"pa_genere-betula-de","16":"pa_inquinamento-bestaendigkeit-gegen-smog","17":"pa_origine-england-de","18":"pa_portamento-piangente-de","19":"pa_resistenza-climatica-sehr-hoch","20":"pa_resistenza-del-suolo-bestandig-gegen-kalkhaltige-boden","21":"pa_resistenza-del-suolo-bestandig-gegen-trockene-boden","22":"pa_resistenza-del-suolo-bestandigkeit-auf-feuchten-boden","23":"pa_salinita-bestaendigkeit-in-meeresluft","24":"pa_utilizzo-kleine-gaerten","25":"pa_utilizzo-parks-de","27":"first","28":"instock","29":"purchasable","30":"product-type-simple"},"acf":[],"_links":{"self":[{"href":"https:\/\/innocentiemangonipiante.it\/de\/wp-json\/wp\/v2\/product\/14753","targetHints":{"allow":["GET"]}}],"collection":[{"href":"https:\/\/innocentiemangonipiante.it\/de\/wp-json\/wp\/v2\/product"}],"about":[{"href":"https:\/\/innocentiemangonipiante.it\/de\/wp-json\/wp\/v2\/types\/product"}],"wp:featuredmedia":[{"embeddable":true,"href":"https:\/\/innocentiemangonipiante.it\/de\/wp-json\/wp\/v2\/media\/1085"}],"wp:attachment":[{"href":"https:\/\/innocentiemangonipiante.it\/de\/wp-json\/wp\/v2\/media?parent=14753"}],"wp:term":[{"taxonomy":"product_brand","embeddable":true,"href":"https:\/\/innocentiemangonipiante.it\/de\/wp-json\/wp\/v2\/product_brand?post=14753"},{"taxonomy":"product_cat","embeddable":true,"href":"https:\/\/innocentiemangonipiante.it\/de\/wp-json\/wp\/v2\/product_cat?post=14753"},{"taxonomy":"product_tag","embeddable":true,"href":"https:\/\/innocentiemangonipiante.it\/de\/wp-json\/wp\/v2\/product_tag?post=14753"}],"curies":[{"name":"wp","href":"https:\/\/api.w.org\/{rel}","templated":true}]}}