{"id":14756,"date":"2023-11-03T23:43:46","date_gmt":"2023-11-03T22:43:46","guid":{"rendered":"http:\/\/innocentiemangonipiante.it\/betula-nigra-dura-heat\/"},"modified":"2023-11-06T17:33:13","modified_gmt":"2023-11-06T16:33:13","slug":"betula-nigra-dura-heat","status":"publish","type":"product","link":"https:\/\/innocentiemangonipiante.it\/de\/betula-nigra-dura-heat\/","title":{"rendered":"BETULA nigra &#8218;Dura Heat&#8216; \u00ae"},"content":{"rendered":"<p>Sehr interessant f\u00fcr seine gro\u00dfe Hitze und Krankheitsresistenz. Spannende kleineren dickere Bl\u00e4tter, die sehr sp\u00e4th im Herbst abfallen. Die Gewohnheit ist dichter als die Arten. Diese neue Auswahl hat sch\u00f6ne rosa zelbr\u00f6ckelte Rinde.<\/p>\n","protected":false},"excerpt":{"rendered":"<p>Sehr interessant f\u00fcr seine gro\u00dfe Hitze und Krankheitsresistenz. Spannende kleineren dickere Bl\u00e4tter, die sehr sp\u00e4th im Herbst abfallen. Die Gewohnheit ist dichter als die Arten. Diese neue Auswahl hat sch\u00f6ne rosa zelbr\u00f6ckelte Rinde.<\/p>\n","protected":false},"featured_media":1066,"template":"","meta":{"_acf_changed":false},"product_brand":[],"product_cat":[8813],"product_tag":[10898,8401,8597],"class_list":{"0":"post-14756","1":"product","2":"type-product","3":"status-publish","4":"has-post-thumbnail","6":"product_cat-laubbaume-und-straucher","7":"product_tag-naturlichen","8":"product_tag-hochstamm","9":"product_tag-multistamm","10":"pa_altezza-massima-800-de","11":"pa_altezza-massima-12-meter","12":"pa_condizionamento-clt-de","13":"pa_condizionamento-m-de","14":"pa_famiglia-betulaceae-de","15":"pa_genere-betula-de","16":"pa_origine-u-s-a","17":"pa_portamento-arrotondato-de","18":"pa_resistenza-climatica-sehr-hoch","19":"pa_resistenza-del-suolo-bestandigkeit-auf-feuchten-boden","20":"pa_utilizzo-kleine-gaerten","21":"pa_utilizzo-parks-de","23":"first","24":"instock","25":"purchasable","26":"product-type-simple"},"acf":[],"_links":{"self":[{"href":"https:\/\/innocentiemangonipiante.it\/de\/wp-json\/wp\/v2\/product\/14756","targetHints":{"allow":["GET"]}}],"collection":[{"href":"https:\/\/innocentiemangonipiante.it\/de\/wp-json\/wp\/v2\/product"}],"about":[{"href":"https:\/\/innocentiemangonipiante.it\/de\/wp-json\/wp\/v2\/types\/product"}],"wp:featuredmedia":[{"embeddable":true,"href":"https:\/\/innocentiemangonipiante.it\/de\/wp-json\/wp\/v2\/media\/1066"}],"wp:attachment":[{"href":"https:\/\/innocentiemangonipiante.it\/de\/wp-json\/wp\/v2\/media?parent=14756"}],"wp:term":[{"taxonomy":"product_brand","embeddable":true,"href":"https:\/\/innocentiemangonipiante.it\/de\/wp-json\/wp\/v2\/product_brand?post=14756"},{"taxonomy":"product_cat","embeddable":true,"href":"https:\/\/innocentiemangonipiante.it\/de\/wp-json\/wp\/v2\/product_cat?post=14756"},{"taxonomy":"product_tag","embeddable":true,"href":"https:\/\/innocentiemangonipiante.it\/de\/wp-json\/wp\/v2\/product_tag?post=14756"}],"curies":[{"name":"wp","href":"https:\/\/api.w.org\/{rel}","templated":true}]}}