{"id":14757,"date":"2023-11-03T23:43:37","date_gmt":"2023-11-03T22:43:37","guid":{"rendered":"http:\/\/innocentiemangonipiante.it\/betula-nigra\/"},"modified":"2023-11-06T17:33:10","modified_gmt":"2023-11-06T16:33:10","slug":"betula-nigra","status":"publish","type":"product","link":"https:\/\/innocentiemangonipiante.it\/de\/betula-nigra\/","title":{"rendered":"BETULA nigra"},"content":{"rendered":"<p>Pyramidenf\u00f6rmige bis rund. Die Bl\u00e4tter sind gr\u00fcn, dunkelgr\u00fcn von gelb bis gold im Herbst. Vertr\u00e4gt nassen B\u00f6den, sondern auch eine gute Best\u00e4ndigkeit zu Trockenheit. Die Rinde ist sehr charakteristisch, weil bei der Abbl\u00e4tterung, zeigt Schattierungen von grau-braun bis rosa gelb Farben.<\/p>\n","protected":false},"excerpt":{"rendered":"<p>Pyramidenf\u00f6rmige bis rund. Die Bl\u00e4tter sind gr\u00fcn, dunkelgr\u00fcn von gelb bis gold im Herbst. Vertr\u00e4gt nassen B\u00f6den, sondern auch eine gute Best\u00e4ndigkeit zu Trockenheit. Die Rinde ist sehr charakteristisch, weil bei der Abbl\u00e4tterung, zeigt Schattierungen von grau-braun bis rosa gelb Farben.<\/p>\n","protected":false},"featured_media":1060,"template":"","meta":{"_acf_changed":false},"product_brand":[],"product_cat":[8813],"product_tag":[10898,8401,8597],"class_list":{"0":"post-14757","1":"product","2":"type-product","3":"status-publish","4":"has-post-thumbnail","6":"product_cat-laubbaume-und-straucher","7":"product_tag-naturlichen","8":"product_tag-hochstamm","9":"product_tag-multistamm","10":"pa_altezza-massima-15-meter","11":"pa_altezza-massima-20-meter","12":"pa_condizionamento-clt-de","13":"pa_condizionamento-m-de","14":"pa_famiglia-betulaceae-de","15":"pa_genere-betula-de","16":"pa_origine-u-s-a","17":"pa_portamento-arrotondato-de","18":"pa_resistenza-climatica-sehr-hoch","19":"pa_utilizzo-alleen","20":"pa_utilizzo-parks-de","22":"first","23":"instock","24":"purchasable","25":"product-type-simple"},"acf":[],"_links":{"self":[{"href":"https:\/\/innocentiemangonipiante.it\/de\/wp-json\/wp\/v2\/product\/14757","targetHints":{"allow":["GET"]}}],"collection":[{"href":"https:\/\/innocentiemangonipiante.it\/de\/wp-json\/wp\/v2\/product"}],"about":[{"href":"https:\/\/innocentiemangonipiante.it\/de\/wp-json\/wp\/v2\/types\/product"}],"wp:featuredmedia":[{"embeddable":true,"href":"https:\/\/innocentiemangonipiante.it\/de\/wp-json\/wp\/v2\/media\/1060"}],"wp:attachment":[{"href":"https:\/\/innocentiemangonipiante.it\/de\/wp-json\/wp\/v2\/media?parent=14757"}],"wp:term":[{"taxonomy":"product_brand","embeddable":true,"href":"https:\/\/innocentiemangonipiante.it\/de\/wp-json\/wp\/v2\/product_brand?post=14757"},{"taxonomy":"product_cat","embeddable":true,"href":"https:\/\/innocentiemangonipiante.it\/de\/wp-json\/wp\/v2\/product_cat?post=14757"},{"taxonomy":"product_tag","embeddable":true,"href":"https:\/\/innocentiemangonipiante.it\/de\/wp-json\/wp\/v2\/product_tag?post=14757"}],"curies":[{"name":"wp","href":"https:\/\/api.w.org\/{rel}","templated":true}]}}