{"id":14758,"date":"2023-11-03T23:43:23","date_gmt":"2023-11-03T22:43:23","guid":{"rendered":"http:\/\/innocentiemangonipiante.it\/betula-jacquemontii-long-trunk\/"},"modified":"2023-11-06T17:32:59","modified_gmt":"2023-11-06T16:32:59","slug":"betula-jacquemontii-long-trunk","status":"publish","type":"product","link":"https:\/\/innocentiemangonipiante.it\/de\/betula-jacquemontii-long-trunk\/","title":{"rendered":"BETULA jacquemontii &#8218;Long Trunk&#8216;"},"content":{"rendered":"<p>Sommergr\u00fcner Baum, mit gez\u00e4hnten bis 12cm langen gl\u00e4nzenden, dunkelgr\u00fcnen Bl\u00e4ttern. Sch\u00f6ne gelb-goldene Herbstf\u00e4rbung.<\/p>\n","protected":false},"excerpt":{"rendered":"<p>Sommergr\u00fcner Baum, mit gez\u00e4hnten bis 12cm langen gl\u00e4nzenden, dunkelgr\u00fcnen Bl\u00e4ttern. Sch\u00f6ne gelb-goldene Herbstf\u00e4rbung.<\/p>\n","protected":false},"featured_media":1048,"template":"","meta":{"_acf_changed":false},"product_brand":[],"product_cat":[8813],"product_tag":[10898,8401],"class_list":{"0":"post-14758","1":"product","2":"type-product","3":"status-publish","4":"has-post-thumbnail","6":"product_cat-laubbaume-und-straucher","7":"product_tag-naturlichen","8":"product_tag-hochstamm","9":"pa_altezza-massima-400-de","10":"pa_altezza-massima-600-de","11":"pa_condizionamento-m-de","12":"pa_famiglia-betulaceae-de","13":"pa_genere-betula-de","14":"pa_origine-himalaja","15":"pa_portamento-piangente-de","16":"pa_resistenza-climatica-sehr-hoch","17":"pa_resistenza-del-suolo-bestandigkeit-auf-feuchten-boden","18":"pa_utilizzo-alleen","19":"pa_utilizzo-parks-de","21":"first","22":"instock","23":"purchasable","24":"product-type-simple"},"acf":[],"_links":{"self":[{"href":"https:\/\/innocentiemangonipiante.it\/de\/wp-json\/wp\/v2\/product\/14758","targetHints":{"allow":["GET"]}}],"collection":[{"href":"https:\/\/innocentiemangonipiante.it\/de\/wp-json\/wp\/v2\/product"}],"about":[{"href":"https:\/\/innocentiemangonipiante.it\/de\/wp-json\/wp\/v2\/types\/product"}],"wp:featuredmedia":[{"embeddable":true,"href":"https:\/\/innocentiemangonipiante.it\/de\/wp-json\/wp\/v2\/media\/1048"}],"wp:attachment":[{"href":"https:\/\/innocentiemangonipiante.it\/de\/wp-json\/wp\/v2\/media?parent=14758"}],"wp:term":[{"taxonomy":"product_brand","embeddable":true,"href":"https:\/\/innocentiemangonipiante.it\/de\/wp-json\/wp\/v2\/product_brand?post=14758"},{"taxonomy":"product_cat","embeddable":true,"href":"https:\/\/innocentiemangonipiante.it\/de\/wp-json\/wp\/v2\/product_cat?post=14758"},{"taxonomy":"product_tag","embeddable":true,"href":"https:\/\/innocentiemangonipiante.it\/de\/wp-json\/wp\/v2\/product_tag?post=14758"}],"curies":[{"name":"wp","href":"https:\/\/api.w.org\/{rel}","templated":true}]}}