{"id":14760,"date":"2023-11-03T23:43:09","date_gmt":"2023-11-03T22:43:09","guid":{"rendered":"http:\/\/innocentiemangonipiante.it\/betula-albosinensis-fascination\/"},"modified":"2023-11-06T17:32:50","modified_gmt":"2023-11-06T16:32:50","slug":"betula-albosinensis-fascination","status":"publish","type":"product","link":"https:\/\/innocentiemangonipiante.it\/de\/betula-albosinensis-fascination\/","title":{"rendered":"BETULA albosinensis &#8218;Fascination&#8216;"},"content":{"rendered":"<p>Sommergr\u00fcner Baum, kegelf\u00f6rmig im erwachsenen Alter. Mittelgr\u00fcnes Laub. Die Ringe ist orangenfarbig und beim Absch\u00e4len, neigt zu einer rosa-cremigen Farbe.<\/p>\n","protected":false},"excerpt":{"rendered":"<p>Sommergr\u00fcner Baum, kegelf\u00f6rmig im erwachsenen Alter. Mittelgr\u00fcnes Laub. Die Ringe ist orangenfarbig und beim Absch\u00e4len, neigt zu einer rosa-cremigen Farbe.<\/p>\n","protected":false},"featured_media":1041,"template":"","meta":{"_acf_changed":false},"product_brand":[],"product_cat":[8813],"product_tag":[10898,8401,8597],"class_list":{"0":"post-14760","1":"product","2":"type-product","3":"status-publish","4":"has-post-thumbnail","6":"product_cat-laubbaume-und-straucher","7":"product_tag-naturlichen","8":"product_tag-hochstamm","9":"product_tag-multistamm","10":"pa_altezza-massima-1000-de-2","11":"pa_altezza-massima-15-meter","12":"pa_condizionamento-clt-de","13":"pa_condizionamento-m-de","14":"pa_famiglia-betulaceae-de","15":"pa_genere-betula-de","16":"pa_origine-china-de","17":"pa_portamento-piramidale-de","18":"pa_resistenza-climatica-sehr-hoch","19":"pa_resistenza-del-suolo-bestandig-gegen-kalkhaltige-boden","20":"pa_resistenza-del-suolo-bestandigkeit-auf-feuchten-boden","21":"pa_utilizzo-parks-de","23":"first","24":"instock","25":"purchasable","26":"product-type-simple"},"acf":[],"_links":{"self":[{"href":"https:\/\/innocentiemangonipiante.it\/de\/wp-json\/wp\/v2\/product\/14760","targetHints":{"allow":["GET"]}}],"collection":[{"href":"https:\/\/innocentiemangonipiante.it\/de\/wp-json\/wp\/v2\/product"}],"about":[{"href":"https:\/\/innocentiemangonipiante.it\/de\/wp-json\/wp\/v2\/types\/product"}],"wp:featuredmedia":[{"embeddable":true,"href":"https:\/\/innocentiemangonipiante.it\/de\/wp-json\/wp\/v2\/media\/1041"}],"wp:attachment":[{"href":"https:\/\/innocentiemangonipiante.it\/de\/wp-json\/wp\/v2\/media?parent=14760"}],"wp:term":[{"taxonomy":"product_brand","embeddable":true,"href":"https:\/\/innocentiemangonipiante.it\/de\/wp-json\/wp\/v2\/product_brand?post=14760"},{"taxonomy":"product_cat","embeddable":true,"href":"https:\/\/innocentiemangonipiante.it\/de\/wp-json\/wp\/v2\/product_cat?post=14760"},{"taxonomy":"product_tag","embeddable":true,"href":"https:\/\/innocentiemangonipiante.it\/de\/wp-json\/wp\/v2\/product_tag?post=14760"}],"curies":[{"name":"wp","href":"https:\/\/api.w.org\/{rel}","templated":true}]}}