{"id":14764,"date":"2023-11-03T23:45:01","date_gmt":"2023-11-03T22:45:01","guid":{"rendered":"http:\/\/innocentiemangonipiante.it\/bignonia-chamberlaynii\/"},"modified":"2023-11-06T17:34:14","modified_gmt":"2023-11-06T16:34:14","slug":"bignonia-chamberlaynii","status":"publish","type":"product","link":"https:\/\/innocentiemangonipiante.it\/de\/bignonia-chamberlaynii\/","title":{"rendered":"BIGNONIA chamberlaynii"},"content":{"rendered":"<p>Eine unglaublich schnell wachsende immergr\u00fcne Kletterpflanze. Im Mai und Juni produziert es trompetenf\u00f6rmige gelbe Bl\u00fcten.<\/p>\n","protected":false},"excerpt":{"rendered":"<p>Eine unglaublich schnell wachsende immergr\u00fcne Kletterpflanze. Im Mai und Juni produziert es trompetenf\u00f6rmige gelbe Bl\u00fcten.<\/p>\n","protected":false},"featured_media":1109,"template":"","meta":{"_acf_changed":false},"product_brand":[],"product_cat":[8837],"product_tag":[10898],"class_list":{"0":"post-14764","1":"product","2":"type-product","3":"status-publish","4":"has-post-thumbnail","6":"product_cat-schlingpflanzen","7":"product_tag-naturlichen","8":"pa_altezza-massima-800-de","9":"pa_altezza-massima-1000-de-2","10":"pa_colore-fioritura-gelbe","11":"pa_condizionamento-clt-de","12":"pa_famiglia-bignoniaceae-de","13":"pa_genere-bignonia-de","14":"pa_origine-kanada","15":"pa_periodo-fioritura-juni","16":"pa_periodo-fioritura-mai-de","17":"pa_portamento-schlingpflanze","18":"pa_resistenza-climatica-pflanzen-mit-geringem-klimawiderstand","19":"pa_utilizzo-parks-de","21":"first","22":"instock","23":"purchasable","24":"product-type-simple"},"acf":[],"_links":{"self":[{"href":"https:\/\/innocentiemangonipiante.it\/de\/wp-json\/wp\/v2\/product\/14764","targetHints":{"allow":["GET"]}}],"collection":[{"href":"https:\/\/innocentiemangonipiante.it\/de\/wp-json\/wp\/v2\/product"}],"about":[{"href":"https:\/\/innocentiemangonipiante.it\/de\/wp-json\/wp\/v2\/types\/product"}],"wp:featuredmedia":[{"embeddable":true,"href":"https:\/\/innocentiemangonipiante.it\/de\/wp-json\/wp\/v2\/media\/1109"}],"wp:attachment":[{"href":"https:\/\/innocentiemangonipiante.it\/de\/wp-json\/wp\/v2\/media?parent=14764"}],"wp:term":[{"taxonomy":"product_brand","embeddable":true,"href":"https:\/\/innocentiemangonipiante.it\/de\/wp-json\/wp\/v2\/product_brand?post=14764"},{"taxonomy":"product_cat","embeddable":true,"href":"https:\/\/innocentiemangonipiante.it\/de\/wp-json\/wp\/v2\/product_cat?post=14764"},{"taxonomy":"product_tag","embeddable":true,"href":"https:\/\/innocentiemangonipiante.it\/de\/wp-json\/wp\/v2\/product_tag?post=14764"}],"curies":[{"name":"wp","href":"https:\/\/api.w.org\/{rel}","templated":true}]}}