{"id":14765,"date":"2023-11-03T23:44:55","date_gmt":"2023-11-03T22:44:55","guid":{"rendered":"http:\/\/innocentiemangonipiante.it\/bignonia-capreolata\/"},"modified":"2023-11-06T17:34:12","modified_gmt":"2023-11-06T16:34:12","slug":"bignonia-capreolata","status":"publish","type":"product","link":"https:\/\/innocentiemangonipiante.it\/de\/bignonia-capreolata\/","title":{"rendered":"BIGNONIA capreolata"},"content":{"rendered":"<p>Kr\u00e4ftiger immergr\u00fcner Kletterstrauch. Die bis 18 cm langen intensiv gr\u00fcnen Bl\u00e4tter f\u00e4rben sich rot im Herbst. Im Sommer tr\u00e4gt er rot-orangefarbene 4-5 cm lange Bl\u00fcten.<\/p>\n","protected":false},"excerpt":{"rendered":"<p>Kr\u00e4ftiger immergr\u00fcner Kletterstrauch. Die bis 18 cm langen intensiv gr\u00fcnen Bl\u00e4tter f\u00e4rben sich rot im Herbst. Im Sommer tr\u00e4gt er rot-orangefarbene 4-5 cm lange Bl\u00fcten.<\/p>\n","protected":false},"featured_media":1103,"template":"","meta":{"_acf_changed":false},"product_brand":[],"product_cat":[8837],"product_tag":[10898],"class_list":{"0":"post-14765","1":"product","2":"type-product","3":"status-publish","4":"has-post-thumbnail","6":"product_cat-schlingpflanzen","7":"product_tag-naturlichen","8":"pa_altezza-massima-800-de","9":"pa_altezza-massima-12-meter","10":"pa_colore-fioritura-rot","11":"pa_condizionamento-clt-de","12":"pa_famiglia-bignoniaceae-de","13":"pa_genere-bignonia-de","14":"pa_origine-kanada","15":"pa_periodo-fioritura-august-de","16":"pa_periodo-fioritura-juli","17":"pa_periodo-fioritura-juni","18":"pa_portamento-schlingpflanze","19":"pa_resistenza-climatica-pflanzen-mit-geringem-klimawiderstand","20":"pa_utilizzo-parks-de","22":"first","23":"instock","24":"purchasable","25":"product-type-simple"},"acf":[],"_links":{"self":[{"href":"https:\/\/innocentiemangonipiante.it\/de\/wp-json\/wp\/v2\/product\/14765","targetHints":{"allow":["GET"]}}],"collection":[{"href":"https:\/\/innocentiemangonipiante.it\/de\/wp-json\/wp\/v2\/product"}],"about":[{"href":"https:\/\/innocentiemangonipiante.it\/de\/wp-json\/wp\/v2\/types\/product"}],"wp:featuredmedia":[{"embeddable":true,"href":"https:\/\/innocentiemangonipiante.it\/de\/wp-json\/wp\/v2\/media\/1103"}],"wp:attachment":[{"href":"https:\/\/innocentiemangonipiante.it\/de\/wp-json\/wp\/v2\/media?parent=14765"}],"wp:term":[{"taxonomy":"product_brand","embeddable":true,"href":"https:\/\/innocentiemangonipiante.it\/de\/wp-json\/wp\/v2\/product_brand?post=14765"},{"taxonomy":"product_cat","embeddable":true,"href":"https:\/\/innocentiemangonipiante.it\/de\/wp-json\/wp\/v2\/product_cat?post=14765"},{"taxonomy":"product_tag","embeddable":true,"href":"https:\/\/innocentiemangonipiante.it\/de\/wp-json\/wp\/v2\/product_tag?post=14765"}],"curies":[{"name":"wp","href":"https:\/\/api.w.org\/{rel}","templated":true}]}}