{"id":14766,"date":"2023-11-03T23:45:25","date_gmt":"2023-11-03T22:45:25","guid":{"rendered":"http:\/\/innocentiemangonipiante.it\/bougainvillea-glabra-sanderiana\/"},"modified":"2023-11-06T17:34:25","modified_gmt":"2023-11-06T16:34:25","slug":"bougainvillea-glabra-sanderiana","status":"publish","type":"product","link":"https:\/\/innocentiemangonipiante.it\/de\/bougainvillea-glabra-sanderiana\/","title":{"rendered":"BOUGAINVILLEA glabra &#8218;Sanderiana&#8216;"},"content":{"rendered":"<p>Immergr\u00fcner Kletterstrauch mit gl\u00e4nzend dunkelgr\u00fcnem Laubwerk. Von Ende Fr\u00fchjahr bis September purpur-zyklamfarbene Bl\u00fcten.<\/p>\n","protected":false},"excerpt":{"rendered":"<p>Immergr\u00fcner Kletterstrauch mit gl\u00e4nzend dunkelgr\u00fcnem Laubwerk. Von Ende Fr\u00fchjahr bis September purpur-zyklamfarbene Bl\u00fcten.<\/p>\n","protected":false},"featured_media":1127,"template":"","meta":{"_acf_changed":false},"product_brand":[],"product_cat":[8837],"product_tag":[10898,8736,8565,8705],"class_list":{"0":"post-14766","1":"product","2":"type-product","3":"status-publish","4":"has-post-thumbnail","6":"product_cat-schlingpflanzen","7":"product_tag-naturlichen","8":"product_tag-fusstamm","9":"product_tag-halbstamm","10":"product_tag-kugel","11":"pa_altezza-massima-500-de","12":"pa_altezza-massima-800-de","13":"pa_colore-fioritura-fuchsia-de","14":"pa_condizionamento-clt-de","15":"pa_famiglia-nyctaginaceae-de","16":"pa_genere-bougainvillea-de","17":"pa_origine-brasilien","18":"pa_periodo-fioritura-august-de","19":"pa_periodo-fioritura-juli","20":"pa_periodo-fioritura-juni","21":"pa_periodo-fioritura-mai-de","22":"pa_periodo-fioritura-september-de","23":"pa_portamento-schlingpflanze","24":"pa_resistenza-climatica-pflanzen-mit-geringem-klimawiderstand","25":"pa_resistenza-del-suolo-bestandig-gegen-trockene-boden","26":"pa_salinita-bestaendigkeit-in-meeresluft","27":"pa_utilizzo-kleine-gaerten","28":"pa_utilizzo-parks-de","30":"first","31":"instock","32":"purchasable","33":"product-type-simple"},"acf":[],"_links":{"self":[{"href":"https:\/\/innocentiemangonipiante.it\/de\/wp-json\/wp\/v2\/product\/14766","targetHints":{"allow":["GET"]}}],"collection":[{"href":"https:\/\/innocentiemangonipiante.it\/de\/wp-json\/wp\/v2\/product"}],"about":[{"href":"https:\/\/innocentiemangonipiante.it\/de\/wp-json\/wp\/v2\/types\/product"}],"wp:featuredmedia":[{"embeddable":true,"href":"https:\/\/innocentiemangonipiante.it\/de\/wp-json\/wp\/v2\/media\/1127"}],"wp:attachment":[{"href":"https:\/\/innocentiemangonipiante.it\/de\/wp-json\/wp\/v2\/media?parent=14766"}],"wp:term":[{"taxonomy":"product_brand","embeddable":true,"href":"https:\/\/innocentiemangonipiante.it\/de\/wp-json\/wp\/v2\/product_brand?post=14766"},{"taxonomy":"product_cat","embeddable":true,"href":"https:\/\/innocentiemangonipiante.it\/de\/wp-json\/wp\/v2\/product_cat?post=14766"},{"taxonomy":"product_tag","embeddable":true,"href":"https:\/\/innocentiemangonipiante.it\/de\/wp-json\/wp\/v2\/product_tag?post=14766"}],"curies":[{"name":"wp","href":"https:\/\/api.w.org\/{rel}","templated":true}]}}