{"id":14767,"date":"2023-11-03T23:45:13","date_gmt":"2023-11-03T22:45:13","guid":{"rendered":"http:\/\/innocentiemangonipiante.it\/bougainvillea-barbara-karst\/"},"modified":"2023-11-06T17:34:20","modified_gmt":"2023-11-06T16:34:20","slug":"bougainvillea-barbara-karst","status":"publish","type":"product","link":"https:\/\/innocentiemangonipiante.it\/de\/bougainvillea-barbara-karst\/","title":{"rendered":"BOUGAINVILLEA &#8218;Barbara Karst&#8216;"},"content":{"rendered":"<p>Immergr\u00fcne kr\u00e4ftige und kompakte Kletterpflanze mit eif\u00f6rmigen und leuchtend gr\u00fcnen Bl\u00e4ttern. Von Sommer bis Herbst kirschrote 3-5 cm gro\u00dfe Bl\u00fcten.<\/p>\n","protected":false},"excerpt":{"rendered":"<p>Immergr\u00fcne kr\u00e4ftige und kompakte Kletterpflanze mit eif\u00f6rmigen und leuchtend gr\u00fcnen Bl\u00e4ttern. Von Sommer bis Herbst kirschrote 3-5 cm gro\u00dfe Bl\u00fcten.<\/p>\n","protected":false},"featured_media":1121,"template":"","meta":{"_acf_changed":false},"product_brand":[],"product_cat":[8837],"product_tag":[10898],"class_list":{"0":"post-14767","1":"product","2":"type-product","3":"status-publish","4":"has-post-thumbnail","6":"product_cat-schlingpflanzen","7":"product_tag-naturlichen","8":"pa_altezza-massima-800-de","9":"pa_altezza-massima-1000-de-2","10":"pa_colore-fioritura-rot","11":"pa_condizionamento-clt-de","12":"pa_famiglia-nyctaginaceae-de","13":"pa_genere-bougainvillea-de","14":"pa_origine-brasilien","15":"pa_periodo-fioritura-august-de","16":"pa_periodo-fioritura-juli","17":"pa_periodo-fioritura-juni","18":"pa_periodo-fioritura-oktober","19":"pa_periodo-fioritura-september-de","20":"pa_portamento-schlingpflanze","21":"pa_resistenza-climatica-sehr-niedrig","22":"pa_resistenza-del-suolo-bestandig-gegen-trockene-boden","23":"pa_salinita-bestaendigkeit-in-meeresluft","24":"pa_utilizzo-kleine-gaerten","25":"pa_utilizzo-parks-de","27":"first","28":"instock","29":"purchasable","30":"product-type-simple"},"acf":[],"_links":{"self":[{"href":"https:\/\/innocentiemangonipiante.it\/de\/wp-json\/wp\/v2\/product\/14767","targetHints":{"allow":["GET"]}}],"collection":[{"href":"https:\/\/innocentiemangonipiante.it\/de\/wp-json\/wp\/v2\/product"}],"about":[{"href":"https:\/\/innocentiemangonipiante.it\/de\/wp-json\/wp\/v2\/types\/product"}],"wp:featuredmedia":[{"embeddable":true,"href":"https:\/\/innocentiemangonipiante.it\/de\/wp-json\/wp\/v2\/media\/1121"}],"wp:attachment":[{"href":"https:\/\/innocentiemangonipiante.it\/de\/wp-json\/wp\/v2\/media?parent=14767"}],"wp:term":[{"taxonomy":"product_brand","embeddable":true,"href":"https:\/\/innocentiemangonipiante.it\/de\/wp-json\/wp\/v2\/product_brand?post=14767"},{"taxonomy":"product_cat","embeddable":true,"href":"https:\/\/innocentiemangonipiante.it\/de\/wp-json\/wp\/v2\/product_cat?post=14767"},{"taxonomy":"product_tag","embeddable":true,"href":"https:\/\/innocentiemangonipiante.it\/de\/wp-json\/wp\/v2\/product_tag?post=14767"}],"curies":[{"name":"wp","href":"https:\/\/api.w.org\/{rel}","templated":true}]}}