{"id":14768,"date":"2023-11-03T23:45:31","date_gmt":"2023-11-03T22:45:31","guid":{"rendered":"http:\/\/innocentiemangonipiante.it\/brachychiton-populneus\/"},"modified":"2023-11-06T17:34:28","modified_gmt":"2023-11-06T16:34:28","slug":"brachychiton-populneus","status":"publish","type":"product","link":"https:\/\/innocentiemangonipiante.it\/de\/brachychiton-populneus\/","title":{"rendered":"BRACHYCHITON populneus"},"content":{"rendered":"<p>Immergr\u00fcner Baum, schnellwachsend. Popul\u00e4r in den gem\u00e4ssigten Klimas. Mit Drei- bis F\u00fcnflappigen dunkelgr\u00fcnen Bl\u00e4ttern. Ertr\u00e4gt sehr gut sandige und lehmhaltige jedoch gut strukturierte B\u00f6den. Als Schattenbaum, in breiten Parkanlagen oder als Windsch\u00fctz.<\/p>\n","protected":false},"excerpt":{"rendered":"<p>Immergr\u00fcner Baum, schnellwachsend. Popul\u00e4r in den gem\u00e4ssigten Klimas. Mit Drei- bis F\u00fcnflappigen dunkelgr\u00fcnen Bl\u00e4ttern. Ertr\u00e4gt sehr gut sandige und lehmhaltige jedoch gut strukturierte B\u00f6den. Als Schattenbaum, in breiten Parkanlagen oder als Windsch\u00fctz.<\/p>\n","protected":false},"featured_media":1133,"template":"","meta":{"_acf_changed":false},"product_brand":[],"product_cat":[8816],"product_tag":[10898,8401],"class_list":{"0":"post-14768","1":"product","2":"type-product","3":"status-publish","4":"has-post-thumbnail","6":"product_cat-hartnaeckige-baeume-und-straeucher","7":"product_tag-naturlichen","8":"product_tag-hochstamm","9":"pa_altezza-massima-15-meter","10":"pa_altezza-massima-20-meter","11":"pa_colore-fioritura-gelbe","12":"pa_condizionamento-clt-de","13":"pa_famiglia-sterculiaceae-de","14":"pa_genere-brachychiton-de","15":"pa_origine-australien","16":"pa_periodo-fioritura-august-de","17":"pa_periodo-fioritura-juli","18":"pa_portamento-conico-de","19":"pa_resistenza-climatica-sehr-niedrig","20":"pa_salinita-bestaendigkeit-in-meeresluft","21":"pa_utilizzo-parks-de","23":"first","24":"instock","25":"purchasable","26":"product-type-simple"},"acf":[],"_links":{"self":[{"href":"https:\/\/innocentiemangonipiante.it\/de\/wp-json\/wp\/v2\/product\/14768","targetHints":{"allow":["GET"]}}],"collection":[{"href":"https:\/\/innocentiemangonipiante.it\/de\/wp-json\/wp\/v2\/product"}],"about":[{"href":"https:\/\/innocentiemangonipiante.it\/de\/wp-json\/wp\/v2\/types\/product"}],"wp:featuredmedia":[{"embeddable":true,"href":"https:\/\/innocentiemangonipiante.it\/de\/wp-json\/wp\/v2\/media\/1133"}],"wp:attachment":[{"href":"https:\/\/innocentiemangonipiante.it\/de\/wp-json\/wp\/v2\/media?parent=14768"}],"wp:term":[{"taxonomy":"product_brand","embeddable":true,"href":"https:\/\/innocentiemangonipiante.it\/de\/wp-json\/wp\/v2\/product_brand?post=14768"},{"taxonomy":"product_cat","embeddable":true,"href":"https:\/\/innocentiemangonipiante.it\/de\/wp-json\/wp\/v2\/product_cat?post=14768"},{"taxonomy":"product_tag","embeddable":true,"href":"https:\/\/innocentiemangonipiante.it\/de\/wp-json\/wp\/v2\/product_tag?post=14768"}],"curies":[{"name":"wp","href":"https:\/\/api.w.org\/{rel}","templated":true}]}}