{"id":14772,"date":"2023-11-03T23:46:36","date_gmt":"2023-11-03T22:46:36","guid":{"rendered":"http:\/\/innocentiemangonipiante.it\/buddleia-davidii-royal-red\/"},"modified":"2023-11-06T17:35:19","modified_gmt":"2023-11-06T16:35:19","slug":"buddleia-davidii-royal-red","status":"publish","type":"product","link":"https:\/\/innocentiemangonipiante.it\/de\/buddleia-davidii-royal-red\/","title":{"rendered":"BUDDLEIA davidii &#8218;Royal Red&#8216;"},"content":{"rendered":"<p>Sommergr\u00fcner Strauch. Bl\u00fctezeit im Sommer mit roten Bl\u00fcten auf bis zu 50 cm langen Rispen.<\/p>\n","protected":false},"excerpt":{"rendered":"<p>Sommergr\u00fcner Strauch. Bl\u00fctezeit im Sommer mit roten Bl\u00fcten auf bis zu 50 cm langen Rispen.<\/p>\n","protected":false},"featured_media":1164,"template":"","meta":{"_acf_changed":false},"product_brand":[],"product_cat":[8813],"product_tag":[10898],"class_list":{"0":"post-14772","1":"product","2":"type-product","3":"status-publish","4":"has-post-thumbnail","6":"product_cat-laubbaume-und-straucher","7":"product_tag-naturlichen","8":"pa_altezza-massima-300-de","9":"pa_altezza-massima-500-de","10":"pa_colore-fioritura-rot","11":"pa_condizionamento-clt-de","12":"pa_famiglia-loganiaceae-de","13":"pa_genere-buddleia-de","14":"pa_inquinamento-bestaendigkeit-gegen-smog","15":"pa_origine-u-s-a","16":"pa_periodo-fioritura-august-de","17":"pa_periodo-fioritura-juli","18":"pa_periodo-fioritura-juni","19":"pa_periodo-fioritura-september-de","20":"pa_portamento-cespuglioso-de","21":"pa_profumo-intensiv","22":"pa_resistenza-climatica-mittel-hoch","23":"pa_resistenza-del-suolo-bestandig-gegen-kalkhaltige-boden","24":"pa_resistenza-del-suolo-bestandig-gegen-trockene-boden","25":"pa_salinita-bestaendigkeit-in-meeresluft","26":"pa_utilizzo-kleine-gaerten","27":"pa_utilizzo-parks-de","29":"first","30":"instock","31":"purchasable","32":"product-type-simple"},"acf":[],"_links":{"self":[{"href":"https:\/\/innocentiemangonipiante.it\/de\/wp-json\/wp\/v2\/product\/14772","targetHints":{"allow":["GET"]}}],"collection":[{"href":"https:\/\/innocentiemangonipiante.it\/de\/wp-json\/wp\/v2\/product"}],"about":[{"href":"https:\/\/innocentiemangonipiante.it\/de\/wp-json\/wp\/v2\/types\/product"}],"wp:featuredmedia":[{"embeddable":true,"href":"https:\/\/innocentiemangonipiante.it\/de\/wp-json\/wp\/v2\/media\/1164"}],"wp:attachment":[{"href":"https:\/\/innocentiemangonipiante.it\/de\/wp-json\/wp\/v2\/media?parent=14772"}],"wp:term":[{"taxonomy":"product_brand","embeddable":true,"href":"https:\/\/innocentiemangonipiante.it\/de\/wp-json\/wp\/v2\/product_brand?post=14772"},{"taxonomy":"product_cat","embeddable":true,"href":"https:\/\/innocentiemangonipiante.it\/de\/wp-json\/wp\/v2\/product_cat?post=14772"},{"taxonomy":"product_tag","embeddable":true,"href":"https:\/\/innocentiemangonipiante.it\/de\/wp-json\/wp\/v2\/product_tag?post=14772"}],"curies":[{"name":"wp","href":"https:\/\/api.w.org\/{rel}","templated":true}]}}