{"id":14778,"date":"2023-11-03T23:48:07","date_gmt":"2023-11-03T22:48:07","guid":{"rendered":"http:\/\/innocentiemangonipiante.it\/buxus-sempervirens-suffruticosa\/"},"modified":"2023-11-06T17:36:07","modified_gmt":"2023-11-06T16:36:07","slug":"buxus-sempervirens-suffruticosa","status":"publish","type":"product","link":"https:\/\/innocentiemangonipiante.it\/de\/buxus-sempervirens-suffruticosa\/","title":{"rendered":"BUXUS sempervirens &#8218;Suffruticosa&#8216;"},"content":{"rendered":"<p>Kompakte Veredelung mit langsamen Wachstum. Das dunkelgr\u00fcne Laubwerk ist klein und rundlich. Der Jungwuchs ist zart gr\u00fcn. Die Sorte ist sehr gut f\u00fcr Hecken und Einfassungen geeignet.<\/p>\n","protected":false},"excerpt":{"rendered":"<p>Kompakte Veredelung mit langsamen Wachstum. Das dunkelgr\u00fcne Laubwerk ist klein und rundlich. Der Jungwuchs ist zart gr\u00fcn. Die Sorte ist sehr gut f\u00fcr Hecken und Einfassungen geeignet.<\/p>\n","protected":false},"featured_media":1201,"template":"","meta":{"_acf_changed":false},"product_brand":[],"product_cat":[8816],"product_tag":[10898],"class_list":{"0":"post-14778","1":"product","2":"type-product","3":"status-publish","4":"has-post-thumbnail","6":"product_cat-hartnaeckige-baeume-und-straeucher","7":"product_tag-naturlichen","8":"pa_altezza-massima-0_80-meter","9":"pa_altezza-massima-130-de","10":"pa_condizionamento-clt-de","11":"pa_condizionamento-m-de","12":"pa_famiglia-buxaceae-de","13":"pa_genere-buxus-de","14":"pa_inquinamento-bestaendigkeit-gegen-smog","15":"pa_origine-nordeuropa-de-2","16":"pa_portamento-arrotondato-de","17":"pa_resistenza-climatica-sehr-hoch","18":"pa_resistenza-del-suolo-bestandig-gegen-kalkhaltige-boden","19":"pa_resistenza-del-suolo-bestandig-gegen-trockene-boden","20":"pa_utilizzo-bordueren","21":"pa_utilizzo-hecken","23":"first","24":"instock","25":"purchasable","26":"product-type-simple"},"acf":[],"_links":{"self":[{"href":"https:\/\/innocentiemangonipiante.it\/de\/wp-json\/wp\/v2\/product\/14778","targetHints":{"allow":["GET"]}}],"collection":[{"href":"https:\/\/innocentiemangonipiante.it\/de\/wp-json\/wp\/v2\/product"}],"about":[{"href":"https:\/\/innocentiemangonipiante.it\/de\/wp-json\/wp\/v2\/types\/product"}],"wp:featuredmedia":[{"embeddable":true,"href":"https:\/\/innocentiemangonipiante.it\/de\/wp-json\/wp\/v2\/media\/1201"}],"wp:attachment":[{"href":"https:\/\/innocentiemangonipiante.it\/de\/wp-json\/wp\/v2\/media?parent=14778"}],"wp:term":[{"taxonomy":"product_brand","embeddable":true,"href":"https:\/\/innocentiemangonipiante.it\/de\/wp-json\/wp\/v2\/product_brand?post=14778"},{"taxonomy":"product_cat","embeddable":true,"href":"https:\/\/innocentiemangonipiante.it\/de\/wp-json\/wp\/v2\/product_cat?post=14778"},{"taxonomy":"product_tag","embeddable":true,"href":"https:\/\/innocentiemangonipiante.it\/de\/wp-json\/wp\/v2\/product_tag?post=14778"}],"curies":[{"name":"wp","href":"https:\/\/api.w.org\/{rel}","templated":true}]}}