{"id":14779,"date":"2023-11-03T23:47:53","date_gmt":"2023-11-03T22:47:53","guid":{"rendered":"http:\/\/innocentiemangonipiante.it\/buxus-sempervirens-arborescens\/"},"modified":"2023-11-06T17:36:00","modified_gmt":"2023-11-06T16:36:00","slug":"buxus-sempervirens-arborescens","status":"publish","type":"product","link":"https:\/\/innocentiemangonipiante.it\/de\/buxus-sempervirens-arborescens\/","title":{"rendered":"BUXUS sempervirens &#8218;Arborescens&#8216;"},"content":{"rendered":"<p>Immergr\u00fcner, kompkakter strauch. Eif\u00f6rmige bis ovale gegen\u00fcberliegende Bl\u00e4tter mit einem Durchmesser von 1,5 bis 2,5 cm auf der Oberseite leuchtend dunkelgr\u00fcn und hellgr\u00fcn auf der Unterseite. Besonders frostbest\u00e4ndig.<\/p>\n","protected":false},"excerpt":{"rendered":"<p>Immergr\u00fcner, kompkakter strauch. Eif\u00f6rmige bis ovale gegen\u00fcberliegende Bl\u00e4tter mit einem Durchmesser von 1,5 bis 2,5 cm auf der Oberseite leuchtend dunkelgr\u00fcn und hellgr\u00fcn auf der Unterseite. Besonders frostbest\u00e4ndig.<\/p>\n","protected":false},"featured_media":1195,"template":"","meta":{"_acf_changed":false},"product_brand":[],"product_cat":[8816],"product_tag":[10898,8536,8705],"class_list":{"0":"post-14779","1":"product","2":"type-product","3":"status-publish","4":"has-post-thumbnail","6":"product_cat-hartnaeckige-baeume-und-straeucher","7":"product_tag-naturlichen","8":"product_tag-kegel","9":"product_tag-kugel","10":"pa_altezza-massima-300-de","11":"pa_altezza-massima-400-de","12":"pa_condizionamento-clt-de","13":"pa_famiglia-buxaceae-de","14":"pa_genere-buxus-de","15":"pa_inquinamento-bestaendigkeit-gegen-smog","16":"pa_origine-europe-de","17":"pa_portamento-arrotondato-de","18":"pa_resistenza-climatica-sehr-hoch","19":"pa_resistenza-del-suolo-bestandig-gegen-kalkhaltige-boden","20":"pa_resistenza-del-suolo-bestandig-gegen-trockene-boden","21":"pa_utilizzo-hecken","22":"pa_utilizzo-kleine-gaerten","23":"pa_utilizzo-parks-de","25":"first","26":"instock","27":"purchasable","28":"product-type-simple"},"acf":[],"_links":{"self":[{"href":"https:\/\/innocentiemangonipiante.it\/de\/wp-json\/wp\/v2\/product\/14779","targetHints":{"allow":["GET"]}}],"collection":[{"href":"https:\/\/innocentiemangonipiante.it\/de\/wp-json\/wp\/v2\/product"}],"about":[{"href":"https:\/\/innocentiemangonipiante.it\/de\/wp-json\/wp\/v2\/types\/product"}],"wp:featuredmedia":[{"embeddable":true,"href":"https:\/\/innocentiemangonipiante.it\/de\/wp-json\/wp\/v2\/media\/1195"}],"wp:attachment":[{"href":"https:\/\/innocentiemangonipiante.it\/de\/wp-json\/wp\/v2\/media?parent=14779"}],"wp:term":[{"taxonomy":"product_brand","embeddable":true,"href":"https:\/\/innocentiemangonipiante.it\/de\/wp-json\/wp\/v2\/product_brand?post=14779"},{"taxonomy":"product_cat","embeddable":true,"href":"https:\/\/innocentiemangonipiante.it\/de\/wp-json\/wp\/v2\/product_cat?post=14779"},{"taxonomy":"product_tag","embeddable":true,"href":"https:\/\/innocentiemangonipiante.it\/de\/wp-json\/wp\/v2\/product_tag?post=14779"}],"curies":[{"name":"wp","href":"https:\/\/api.w.org\/{rel}","templated":true}]}}