{"id":14780,"date":"2023-11-03T23:47:43","date_gmt":"2023-11-03T22:47:43","guid":{"rendered":"http:\/\/innocentiemangonipiante.it\/buxus-sempervirens\/"},"modified":"2023-11-06T17:35:51","modified_gmt":"2023-11-06T16:35:51","slug":"buxus-sempervirens","status":"publish","type":"product","link":"https:\/\/innocentiemangonipiante.it\/de\/buxus-sempervirens\/","title":{"rendered":"BUXUS sempervirens"},"content":{"rendered":"<p>\u201cBuchsbaum\u201d. Kleiner bis mittlerer Strauch mit aufrechtem Wuchs. Dauerhaft. Die eif\u00f6rmigen bis l\u00e4nglichen Bl\u00e4tter sind gl\u00e4nzend dunkelgr\u00fcn und werden bis zu 2,5 cm lang.<\/p>\n","protected":false},"excerpt":{"rendered":"<p>\u201cBuchsbaum\u201d. Kleiner bis mittlerer Strauch mit aufrechtem Wuchs. Dauerhaft. Die eif\u00f6rmigen bis l\u00e4nglichen Bl\u00e4tter sind gl\u00e4nzend dunkelgr\u00fcn und werden bis zu 2,5 cm lang.<\/p>\n","protected":false},"featured_media":1189,"template":"","meta":{"_acf_changed":false},"product_brand":[],"product_cat":[8816],"product_tag":[10898,8565,8536,8705,8498,8717,8540],"class_list":{"0":"post-14780","1":"product","2":"type-product","3":"status-publish","4":"has-post-thumbnail","6":"product_cat-hartnaeckige-baeume-und-straeucher","7":"product_tag-naturlichen","8":"product_tag-halbstamm","9":"product_tag-kegel","10":"product_tag-kugel","11":"product_tag-mehrstammig-mit-schirmformiger-krone","12":"product_tag-pompons-de","13":"product_tag-wurfel","14":"pa_altezza-massima-300-de","15":"pa_altezza-massima-600-de","16":"pa_condizionamento-clt-de","17":"pa_condizionamento-rostfarbenen-spezialtopf","18":"pa_condizionamento-m-de","19":"pa_condizionamento-ohne-ballen","20":"pa_condizionamento-schale","21":"pa_famiglia-buxaceae-de","22":"pa_genere-buxus-de","23":"pa_inquinamento-bestaendigkeit-gegen-smog","24":"pa_origine-europe-de","25":"pa_portamento-arrotondato-de","26":"pa_resistenza-climatica-sehr-hoch","27":"pa_resistenza-del-suolo-bestandig-gegen-kalkhaltige-boden","28":"pa_resistenza-del-suolo-bestandig-gegen-trockene-boden","29":"pa_utilizzo-hecken","30":"pa_utilizzo-kleine-gaerten","31":"pa_utilizzo-parks-de","33":"first","34":"instock","35":"purchasable","36":"product-type-simple"},"acf":[],"_links":{"self":[{"href":"https:\/\/innocentiemangonipiante.it\/de\/wp-json\/wp\/v2\/product\/14780","targetHints":{"allow":["GET"]}}],"collection":[{"href":"https:\/\/innocentiemangonipiante.it\/de\/wp-json\/wp\/v2\/product"}],"about":[{"href":"https:\/\/innocentiemangonipiante.it\/de\/wp-json\/wp\/v2\/types\/product"}],"wp:featuredmedia":[{"embeddable":true,"href":"https:\/\/innocentiemangonipiante.it\/de\/wp-json\/wp\/v2\/media\/1189"}],"wp:attachment":[{"href":"https:\/\/innocentiemangonipiante.it\/de\/wp-json\/wp\/v2\/media?parent=14780"}],"wp:term":[{"taxonomy":"product_brand","embeddable":true,"href":"https:\/\/innocentiemangonipiante.it\/de\/wp-json\/wp\/v2\/product_brand?post=14780"},{"taxonomy":"product_cat","embeddable":true,"href":"https:\/\/innocentiemangonipiante.it\/de\/wp-json\/wp\/v2\/product_cat?post=14780"},{"taxonomy":"product_tag","embeddable":true,"href":"https:\/\/innocentiemangonipiante.it\/de\/wp-json\/wp\/v2\/product_tag?post=14780"}],"curies":[{"name":"wp","href":"https:\/\/api.w.org\/{rel}","templated":true}]}}