{"id":14781,"date":"2023-11-03T23:47:37","date_gmt":"2023-11-03T22:47:37","guid":{"rendered":"http:\/\/innocentiemangonipiante.it\/buxus-microphylla-faulkner\/"},"modified":"2023-11-06T17:35:47","modified_gmt":"2023-11-06T16:35:47","slug":"buxus-microphylla-faulkner","status":"publish","type":"product","link":"https:\/\/innocentiemangonipiante.it\/de\/buxus-microphylla-faulkner\/","title":{"rendered":"BUXUS microphylla &#8218;Faulkner&#8216;"},"content":{"rendered":"<p>Immergr\u00fcner Strauch mit sehr dichtem Astwerk. Die ovalen bis rundlichen, paarigen Bl\u00e4tter haben einen Durchmesser von 1 bis 2 cm. Durch seinen nat\u00fcrlich kompakten Wuchs eignet er sich gut f\u00fcr jede Art des Baumschnittes. Besonders widerstandsf\u00e4hig gegen Frost.<\/p>\n","protected":false},"excerpt":{"rendered":"<p>Immergr\u00fcner Strauch mit sehr dichtem Astwerk. Die ovalen bis rundlichen, paarigen Bl\u00e4tter haben einen Durchmesser von 1 bis 2 cm. Durch seinen nat\u00fcrlich kompakten Wuchs eignet er sich gut f\u00fcr jede Art des Baumschnittes. Besonders widerstandsf\u00e4hig gegen Frost.<\/p>\n","protected":false},"featured_media":1183,"template":"","meta":{"_acf_changed":false},"product_brand":[],"product_cat":[8816],"product_tag":[10898,8736,8565,8536,8705,8498,8715,8757,8540],"class_list":{"0":"post-14781","1":"product","2":"type-product","3":"status-publish","4":"has-post-thumbnail","6":"product_cat-hartnaeckige-baeume-und-straeucher","7":"product_tag-naturlichen","8":"product_tag-fusstamm","9":"product_tag-halbstamm","10":"product_tag-kegel","11":"product_tag-kugel","12":"product_tag-mehrstammig-mit-schirmformiger-krone","13":"product_tag-pyramide-de","14":"product_tag-spirale-de","15":"product_tag-wurfel","16":"pa_altezza-massima-200-de","17":"pa_altezza-massima-300-de","18":"pa_condizionamento-clt-de","19":"pa_condizionamento-jungplanzen","20":"pa_condizionamento-schale","21":"pa_famiglia-buxaceae-de","22":"pa_genere-buxus-de","23":"pa_inquinamento-bestaendigkeit-gegen-smog","24":"pa_origine-nordeuropa-de-2","25":"pa_portamento-arrotondato-de","26":"pa_resistenza-climatica-sehr-hoch","27":"pa_resistenza-del-suolo-bestandig-gegen-kalkhaltige-boden","28":"pa_resistenza-del-suolo-bestandig-gegen-trockene-boden","29":"pa_utilizzo-hecken","30":"pa_utilizzo-kleine-gaerten","31":"pa_utilizzo-parks-de","33":"first","34":"instock","35":"purchasable","36":"product-type-simple"},"acf":[],"_links":{"self":[{"href":"https:\/\/innocentiemangonipiante.it\/de\/wp-json\/wp\/v2\/product\/14781","targetHints":{"allow":["GET"]}}],"collection":[{"href":"https:\/\/innocentiemangonipiante.it\/de\/wp-json\/wp\/v2\/product"}],"about":[{"href":"https:\/\/innocentiemangonipiante.it\/de\/wp-json\/wp\/v2\/types\/product"}],"wp:featuredmedia":[{"embeddable":true,"href":"https:\/\/innocentiemangonipiante.it\/de\/wp-json\/wp\/v2\/media\/1183"}],"wp:attachment":[{"href":"https:\/\/innocentiemangonipiante.it\/de\/wp-json\/wp\/v2\/media?parent=14781"}],"wp:term":[{"taxonomy":"product_brand","embeddable":true,"href":"https:\/\/innocentiemangonipiante.it\/de\/wp-json\/wp\/v2\/product_brand?post=14781"},{"taxonomy":"product_cat","embeddable":true,"href":"https:\/\/innocentiemangonipiante.it\/de\/wp-json\/wp\/v2\/product_cat?post=14781"},{"taxonomy":"product_tag","embeddable":true,"href":"https:\/\/innocentiemangonipiante.it\/de\/wp-json\/wp\/v2\/product_tag?post=14781"}],"curies":[{"name":"wp","href":"https:\/\/api.w.org\/{rel}","templated":true}]}}